{"id":921,"date":"2025-01-13T19:06:25","date_gmt":"2025-01-13T19:06:25","guid":{"rendered":"https:\/\/hyayapi.com\/?post_type=product&#038;p=921"},"modified":"2025-01-15T13:27:30","modified_gmt":"2025-01-15T13:27:30","slug":"cimento-esasli-kalin-yatak-seramik-yapistirma-harci","status":"publish","type":"product","link":"https:\/\/hyayapi.com\/?product=cimento-esasli-kalin-yatak-seramik-yapistirma-harci","title":{"rendered":"\u00c7imento Esasl\u0131 Kal\u0131n Yatak Seramik Yap\u0131\u015ft\u0131rma Harc\u0131"},"content":{"rendered":"<p><strong>KULLANIM ALANI<\/strong><br \/>\n\u0130\u00e7 ve d\u0131\u015f mekanlarda, yatay ve d\u00fc\u015fey y\u00fczeylerde, t\u00fcm boyutlarda seramik, granit ve porselen seramik, mermer, traverten vb. kaplama malzemelerinin yap\u0131\u015ft\u0131r\u0131lmas\u0131nda \u00fcst\u00fcn performans sa\u011flar.<\/p>\n<p>\u00c7ok esnek yap\u0131s\u0131 sayesinde y\u00fcksek mukavemet gerektiren ortamlarda, y\u00fcksek cephelerde, \u00e7imento bazl\u0131 s\u0131va, \u015fap ve beton d\u00f6\u015feme \u00fczerine, yo\u011fun yaya trafi\u011fine maruz zeminlerde (otel, hastane, i\u015fyerleri, okul, spor kompleksleri vb.) alttan \u0131s\u0131tmal\u0131 d\u00f6\u015femeler ve so\u011fuk hava depolar\u0131 gibi termal \u015fok riski olan yerlerde ve titre\u015fime maruz zeminlerde seramik \u00fczeri seramik uygulamalar\u0131nda kullan\u0131labilir.<\/p>\n<p>15 m y\u00fckseklikteki uygulamalar i\u00e7in kaplama alan\u0131 \u2264 3600 cm\u00b2,<br \/>\n30 m y\u00fckseklikteki uygulamalar i\u00e7in kaplama alan\u0131 \u2264 1600 cm\u00b2<br \/>\n15 m\u2018nin \u00fczerindeki y\u00fcksekliklerde ilave mekanik \u00f6nlem al\u0131nmas\u0131 gerekir.<\/p>\n<p><strong>AVANTAJLARI<\/strong><br \/>\n\u00c7ift komponentlidir.<br \/>\nB\u00fcy\u00fck boyutlu seramik, granit ve porselen seramik, mermer, traverten gibi kaplama malzemeleri i\u00e7in idealdir.<br \/>\n\u00c7ok esnek yap\u0131s\u0131 sayesinde (S2) y\u00fcksek yap\u0131\u015fma performans\u0131 g\u00f6sterir.<br \/>\nY\u00fcksek cephelerde g\u00fcvenli bir yap\u0131\u015fma sa\u011flar.<br \/>\nIs\u0131 farkl\u0131l\u0131klar\u0131n\u0131n yo\u011fun oldu\u011fu yerlerde kullan\u0131ma elveri\u015flidir.<br \/>\nSuya ve dona dayan\u0131kl\u0131d\u0131r.<br \/>\nYo\u011fun yaya trafiginin oldu\u011fu zeminlerde m\u00fckemmel performans sa\u011flar.<br \/>\nSo\u011fuk hava depolar\u0131nda g\u00fcvenle kullan\u0131labilir.<br \/>\nUzun \u00e7al\u0131\u015fma s\u00fcresine sahiptir.<br \/>\nKayma \u00f6zelli\u011fi azalt\u0131lm\u0131\u015ft\u0131r.<\/p>\n","protected":false},"excerpt":{"rendered":"<p>KULLANIM ALANI \u0130\u00e7 ve d\u0131\u015f mekanlarda, yatay ve d\u00fc\u015fey y\u00fczeylerde, t\u00fcm boyutlarda seramik, granit ve porselen seramik, mermer, traverten vb. kaplama malzemelerinin yap\u0131\u015ft\u0131r\u0131lmas\u0131nda \u00fcst\u00fcn performans sa\u011flar. \u00c7ok esnek yap\u0131s\u0131 sayesinde y\u00fcksek mukavemet gerektiren ortamlarda, y\u00fcksek cephelerde, \u00e7imento bazl\u0131 s\u0131va, \u015fap ve beton d\u00f6\u015feme \u00fczerine, yo\u011fun yaya trafi\u011fine maruz zeminlerde (otel, hastane, i\u015fyerleri, okul, spor kompleksleri&#8230;<\/p>\n","protected":false},"featured_media":918,"comment_status":"open","ping_status":"closed","template":"","meta":{"_kadence_starter_templates_imported_post":false,"_kad_post_transparent":"default","_kad_post_title":"","_kad_post_layout":"default","_kad_post_sidebar_id":"","_kad_post_content_style":"default","_kad_post_vertical_padding":"default","_kad_post_feature":"","_kad_post_feature_position":"","_kad_post_header":false,"_kad_post_footer":false},"pwb-brand":[113],"product_cat":[16],"product_tag":[],"class_list":{"0":"post-921","1":"product","2":"type-product","3":"status-publish","4":"has-post-thumbnail","6":"pwb-brand-entegre","7":"product_cat-genel","9":"first","10":"instock","11":"shipping-taxable","12":"product-type-simple","13":"entry","14":"content-bg","15":"loop-entry"},"brands":[{"id":113,"name":"ENTEGRE","slug":"entegre"}],"_links":{"self":[{"href":"https:\/\/hyayapi.com\/index.php?rest_route=\/wp\/v2\/product\/921","targetHints":{"allow":["GET"]}}],"collection":[{"href":"https:\/\/hyayapi.com\/index.php?rest_route=\/wp\/v2\/product"}],"about":[{"href":"https:\/\/hyayapi.com\/index.php?rest_route=\/wp\/v2\/types\/product"}],"replies":[{"embeddable":true,"href":"https:\/\/hyayapi.com\/index.php?rest_route=%2Fwp%2Fv2%2Fcomments&post=921"}],"wp:featuredmedia":[{"embeddable":true,"href":"https:\/\/hyayapi.com\/index.php?rest_route=\/wp\/v2\/media\/918"}],"wp:attachment":[{"href":"https:\/\/hyayapi.com\/index.php?rest_route=%2Fwp%2Fv2%2Fmedia&parent=921"}],"wp:term":[{"taxonomy":"pwb-brand","embeddable":true,"href":"https:\/\/hyayapi.com\/index.php?rest_route=%2Fwp%2Fv2%2Fpwb-brand&post=921"},{"taxonomy":"product_cat","embeddable":true,"href":"https:\/\/hyayapi.com\/index.php?rest_route=%2Fwp%2Fv2%2Fproduct_cat&post=921"},{"taxonomy":"product_tag","embeddable":true,"href":"https:\/\/hyayapi.com\/index.php?rest_route=%2Fwp%2Fv2%2Fproduct_tag&post=921"}],"curies":[{"name":"wp","href":"https:\/\/api.w.org\/{rel}","templated":true}]}}