{"id":908,"date":"2025-01-13T18:59:47","date_gmt":"2025-01-13T18:59:47","guid":{"rendered":"https:\/\/hyayapi.com\/?post_type=product&#038;p=908"},"modified":"2025-01-15T13:28:09","modified_gmt":"2025-01-15T13:28:09","slug":"a100-seramik-yapistiricisi","status":"publish","type":"product","link":"https:\/\/hyayapi.com\/?product=a100-seramik-yapistiricisi","title":{"rendered":"A100 Seramik Yap\u0131\u015ft\u0131r\u0131c\u0131s\u0131"},"content":{"rendered":"<p><strong>KULLANIM ALANI<\/strong><br \/>\n\u0130\u00e7 mekanlarda, yatay ve d\u00fc\u015fey y\u00fczeylerde, d\u0131\u015f mekanlarda zemin uygulamalar\u0131nda seramik ve fayans kaplama malzemelerinin yap\u0131\u015ft\u0131r\u0131lmas\u0131nda kullan\u0131l\u0131r.<\/p>\n<p>Kuru ve orta derecede \u0131slak hacimlerde, duvarda \u00e7imento bazl\u0131 s\u0131va, zeminde \u00e7imento bazl\u0131 \u015fap ve beton d\u00f6\u015feme \u00fczerine uygulan\u0131r.<br \/>\n\u0130deal bir uygulama i\u00e7in a\u015fa\u011f\u0131daki kaplama alanlar\u0131 uygundur:<br \/>\n\u0130\u00e7 mekan zeminde: Seramik alan\u0131 \u22641200 cm\u00b2<br \/>\nD\u0131\u015f mekan zeminde \u2264900 cm\u00b2<br \/>\n\u0130\u00e7 mekan duvarda: Seramik alan\u0131 \u22641100 cm\u00b2<\/p>\n<p><strong>AVANTAJLARI<\/strong><br \/>\nYeterli kullanma ve kabukla\u015fma s\u00fcresi ile rahat \u00e7al\u0131\u015fma imkan\u0131 sa\u011flar.<\/p>\n<p>Y\u00fczeye \u00e7ok rahat uygulan\u0131r.<br \/>\n\u0130\u00e7 mekanlarda, yatayda ve d\u00fc\u015feyde rahat\u00e7a kullan\u0131l\u0131r.<\/p>\n","protected":false},"excerpt":{"rendered":"<p>KULLANIM ALANI \u0130\u00e7 mekanlarda, yatay ve d\u00fc\u015fey y\u00fczeylerde, d\u0131\u015f mekanlarda zemin uygulamalar\u0131nda seramik ve fayans kaplama malzemelerinin yap\u0131\u015ft\u0131r\u0131lmas\u0131nda kullan\u0131l\u0131r. Kuru ve orta derecede \u0131slak hacimlerde, duvarda \u00e7imento bazl\u0131 s\u0131va, zeminde \u00e7imento bazl\u0131 \u015fap ve beton d\u00f6\u015feme \u00fczerine uygulan\u0131r. \u0130deal bir uygulama i\u00e7in a\u015fa\u011f\u0131daki kaplama alanlar\u0131 uygundur: \u0130\u00e7 mekan zeminde: Seramik alan\u0131 \u22641200 cm\u00b2 D\u0131\u015f mekan&#8230;<\/p>\n","protected":false},"featured_media":909,"comment_status":"open","ping_status":"closed","template":"","meta":{"_kadence_starter_templates_imported_post":false,"_kad_post_transparent":"default","_kad_post_title":"","_kad_post_layout":"default","_kad_post_sidebar_id":"","_kad_post_content_style":"default","_kad_post_vertical_padding":"default","_kad_post_feature":"","_kad_post_feature_position":"","_kad_post_header":false,"_kad_post_footer":false},"pwb-brand":[112],"product_cat":[16],"product_tag":[],"class_list":{"0":"post-908","1":"product","2":"type-product","3":"status-publish","4":"has-post-thumbnail","6":"pwb-brand-abs","7":"product_cat-genel","9":"first","10":"instock","11":"shipping-taxable","12":"product-type-simple","13":"entry","14":"content-bg","15":"loop-entry"},"brands":[{"id":112,"name":"ABS AL\u00c7I","slug":"abs"}],"_links":{"self":[{"href":"https:\/\/hyayapi.com\/index.php?rest_route=\/wp\/v2\/product\/908","targetHints":{"allow":["GET"]}}],"collection":[{"href":"https:\/\/hyayapi.com\/index.php?rest_route=\/wp\/v2\/product"}],"about":[{"href":"https:\/\/hyayapi.com\/index.php?rest_route=\/wp\/v2\/types\/product"}],"replies":[{"embeddable":true,"href":"https:\/\/hyayapi.com\/index.php?rest_route=%2Fwp%2Fv2%2Fcomments&post=908"}],"wp:featuredmedia":[{"embeddable":true,"href":"https:\/\/hyayapi.com\/index.php?rest_route=\/wp\/v2\/media\/909"}],"wp:attachment":[{"href":"https:\/\/hyayapi.com\/index.php?rest_route=%2Fwp%2Fv2%2Fmedia&parent=908"}],"wp:term":[{"taxonomy":"pwb-brand","embeddable":true,"href":"https:\/\/hyayapi.com\/index.php?rest_route=%2Fwp%2Fv2%2Fpwb-brand&post=908"},{"taxonomy":"product_cat","embeddable":true,"href":"https:\/\/hyayapi.com\/index.php?rest_route=%2Fwp%2Fv2%2Fproduct_cat&post=908"},{"taxonomy":"product_tag","embeddable":true,"href":"https:\/\/hyayapi.com\/index.php?rest_route=%2Fwp%2Fv2%2Fproduct_tag&post=908"}],"curies":[{"name":"wp","href":"https:\/\/api.w.org\/{rel}","templated":true}]}}