{"id":903,"date":"2025-01-13T18:52:52","date_gmt":"2025-01-13T18:52:52","guid":{"rendered":"https:\/\/hyayapi.com\/?post_type=product&#038;p=903"},"modified":"2025-01-15T13:36:44","modified_gmt":"2025-01-15T13:36:44","slug":"cimento-esasli-ince-saten-macun","status":"publish","type":"product","link":"https:\/\/hyayapi.com\/?product=cimento-esasli-ince-saten-macun","title":{"rendered":"\u00c7imento Esasl\u0131 \u0130nce Saten Macun"},"content":{"rendered":"<p>KULLANIM ALANI<br \/>\n\u0130\u00e7 ve d\u0131\u015f mekanlarda;<\/p>\n<p>Tu\u011fla,<br \/>\nGazbeton,<br \/>\nBeton,<br \/>\nBr\u00fct beton,<br \/>\nBims,<br \/>\nBriket duvar<br \/>\nTavan y\u00fczeylerde<br \/>\ns\u0131va yap\u0131lmas\u0131nda kullan\u0131l\u0131r.<\/p>\n<p>AVANTAJLARI<br \/>\nTek \u00fcr\u00fcn ile kaba ve ince s\u0131va i\u015flevini birlikte sa\u011flar.<br \/>\nKolay ve h\u0131zl\u0131 uygulama olana\u011f\u0131 sa\u011flar.<br \/>\nSeramik uygulamalar\u0131nda yap\u0131\u015ft\u0131r\u0131c\u0131 sarfiyat\u0131n\u0131 azalt\u0131r.<br \/>\nY\u00fcksek yap\u0131\u015fma ve dayan\u0131m mukavemetleri ile sa\u011flam bir zemin olu\u015fturur.<\/p>\n","protected":false},"excerpt":{"rendered":"<p>KULLANIM ALANI \u0130\u00e7 ve d\u0131\u015f mekanlarda; Tu\u011fla, Gazbeton, Beton, Br\u00fct beton, Bims, Briket duvar Tavan y\u00fczeylerde s\u0131va yap\u0131lmas\u0131nda kullan\u0131l\u0131r. AVANTAJLARI Tek \u00fcr\u00fcn ile kaba ve ince s\u0131va i\u015flevini birlikte sa\u011flar. Kolay ve h\u0131zl\u0131 uygulama olana\u011f\u0131 sa\u011flar. Seramik uygulamalar\u0131nda yap\u0131\u015ft\u0131r\u0131c\u0131 sarfiyat\u0131n\u0131 azalt\u0131r. Y\u00fcksek yap\u0131\u015fma ve dayan\u0131m mukavemetleri ile sa\u011flam bir zemin olu\u015fturur.<\/p>\n","protected":false},"featured_media":875,"comment_status":"open","ping_status":"closed","template":"","meta":{"_kadence_starter_templates_imported_post":false,"_kad_post_transparent":"default","_kad_post_title":"","_kad_post_layout":"default","_kad_post_sidebar_id":"","_kad_post_content_style":"default","_kad_post_vertical_padding":"default","_kad_post_feature":"","_kad_post_feature_position":"","_kad_post_header":false,"_kad_post_footer":false},"pwb-brand":[113],"product_cat":[16],"product_tag":[],"class_list":{"0":"post-903","1":"product","2":"type-product","3":"status-publish","4":"has-post-thumbnail","6":"pwb-brand-entegre","7":"product_cat-genel","9":"first","10":"instock","11":"shipping-taxable","12":"product-type-simple","13":"entry","14":"content-bg","15":"loop-entry"},"brands":[{"id":113,"name":"ENTEGRE","slug":"entegre"}],"_links":{"self":[{"href":"https:\/\/hyayapi.com\/index.php?rest_route=\/wp\/v2\/product\/903","targetHints":{"allow":["GET"]}}],"collection":[{"href":"https:\/\/hyayapi.com\/index.php?rest_route=\/wp\/v2\/product"}],"about":[{"href":"https:\/\/hyayapi.com\/index.php?rest_route=\/wp\/v2\/types\/product"}],"replies":[{"embeddable":true,"href":"https:\/\/hyayapi.com\/index.php?rest_route=%2Fwp%2Fv2%2Fcomments&post=903"}],"wp:featuredmedia":[{"embeddable":true,"href":"https:\/\/hyayapi.com\/index.php?rest_route=\/wp\/v2\/media\/875"}],"wp:attachment":[{"href":"https:\/\/hyayapi.com\/index.php?rest_route=%2Fwp%2Fv2%2Fmedia&parent=903"}],"wp:term":[{"taxonomy":"pwb-brand","embeddable":true,"href":"https:\/\/hyayapi.com\/index.php?rest_route=%2Fwp%2Fv2%2Fpwb-brand&post=903"},{"taxonomy":"product_cat","embeddable":true,"href":"https:\/\/hyayapi.com\/index.php?rest_route=%2Fwp%2Fv2%2Fproduct_cat&post=903"},{"taxonomy":"product_tag","embeddable":true,"href":"https:\/\/hyayapi.com\/index.php?rest_route=%2Fwp%2Fv2%2Fproduct_tag&post=903"}],"curies":[{"name":"wp","href":"https:\/\/api.w.org\/{rel}","templated":true}]}}