{"id":880,"date":"2025-01-13T18:48:33","date_gmt":"2025-01-13T18:48:33","guid":{"rendered":"https:\/\/hyayapi.com\/?post_type=product&#038;p=880"},"modified":"2025-01-15T13:45:20","modified_gmt":"2025-01-15T13:45:20","slug":"s400-ic-mekan","status":"publish","type":"product","link":"https:\/\/hyayapi.com\/?product=s400-ic-mekan","title":{"rendered":"S400 \u0130\u00e7 Mekan"},"content":{"rendered":"<p>\u00c7imento esasl\u0131 makine s\u0131vas\u0131<br \/>\nD\u0131\u015f mekanlarda kullan\u0131l\u0131r<br \/>\nPratik, kaliteli ve ekonomik<br \/>\nH\u0131zl\u0131 ve kolay kaplama<br \/>\nY\u00fcksek nefes alabilme \u00f6zelli\u011fi<br \/>\nKULLANIM ALANI<\/p>\n<p>Tu\u011fla, gazbeton, beton, br\u00fct beton, bims, briket y\u00fczeylerde kullan\u0131l\u0131r.<\/p>\n","protected":false},"excerpt":{"rendered":"<p>\u00c7imento esasl\u0131 makine s\u0131vas\u0131 D\u0131\u015f mekanlarda kullan\u0131l\u0131r Pratik, kaliteli ve ekonomik H\u0131zl\u0131 ve kolay kaplama Y\u00fcksek nefes alabilme \u00f6zelli\u011fi KULLANIM ALANI Tu\u011fla, gazbeton, beton, br\u00fct beton, bims, briket y\u00fczeylerde kullan\u0131l\u0131r.<\/p>\n","protected":false},"featured_media":878,"comment_status":"open","ping_status":"closed","template":"","meta":{"_kadence_starter_templates_imported_post":false,"_kad_post_transparent":"default","_kad_post_title":"","_kad_post_layout":"default","_kad_post_sidebar_id":"","_kad_post_content_style":"default","_kad_post_vertical_padding":"default","_kad_post_feature":"","_kad_post_feature_position":"","_kad_post_header":false,"_kad_post_footer":false},"pwb-brand":[112],"product_cat":[16],"product_tag":[103],"class_list":{"0":"post-880","1":"product","2":"type-product","3":"status-publish","4":"has-post-thumbnail","6":"pwb-brand-abs","7":"product_cat-genel","8":"product_tag-s400-ic-mekan","10":"first","11":"instock","12":"shipping-taxable","13":"product-type-simple","14":"entry","15":"content-bg","16":"loop-entry"},"brands":[{"id":112,"name":"ABS AL\u00c7I","slug":"abs"}],"_links":{"self":[{"href":"https:\/\/hyayapi.com\/index.php?rest_route=\/wp\/v2\/product\/880","targetHints":{"allow":["GET"]}}],"collection":[{"href":"https:\/\/hyayapi.com\/index.php?rest_route=\/wp\/v2\/product"}],"about":[{"href":"https:\/\/hyayapi.com\/index.php?rest_route=\/wp\/v2\/types\/product"}],"replies":[{"embeddable":true,"href":"https:\/\/hyayapi.com\/index.php?rest_route=%2Fwp%2Fv2%2Fcomments&post=880"}],"wp:featuredmedia":[{"embeddable":true,"href":"https:\/\/hyayapi.com\/index.php?rest_route=\/wp\/v2\/media\/878"}],"wp:attachment":[{"href":"https:\/\/hyayapi.com\/index.php?rest_route=%2Fwp%2Fv2%2Fmedia&parent=880"}],"wp:term":[{"taxonomy":"pwb-brand","embeddable":true,"href":"https:\/\/hyayapi.com\/index.php?rest_route=%2Fwp%2Fv2%2Fpwb-brand&post=880"},{"taxonomy":"product_cat","embeddable":true,"href":"https:\/\/hyayapi.com\/index.php?rest_route=%2Fwp%2Fv2%2Fproduct_cat&post=880"},{"taxonomy":"product_tag","embeddable":true,"href":"https:\/\/hyayapi.com\/index.php?rest_route=%2Fwp%2Fv2%2Fproduct_tag&post=880"}],"curies":[{"name":"wp","href":"https:\/\/api.w.org\/{rel}","templated":true}]}}