{"id":879,"date":"2025-01-13T18:48:06","date_gmt":"2025-01-13T18:48:06","guid":{"rendered":"https:\/\/hyayapi.com\/?post_type=product&#038;p=879"},"modified":"2025-01-15T13:45:28","modified_gmt":"2025-01-15T13:45:28","slug":"s400-dis-cephe","status":"publish","type":"product","link":"https:\/\/hyayapi.com\/?product=s400-dis-cephe","title":{"rendered":"S400 D\u0131\u015f Cephe"},"content":{"rendered":"<ul>\n<li>\u00c7imento esasl\u0131 makine s\u0131vas\u0131<\/li>\n<li>D\u0131\u015f mekanlarda kullan\u0131l\u0131r<\/li>\n<li>Pratik, kaliteli ve ekonomik<\/li>\n<li>H\u0131zl\u0131 ve kolay kaplama<\/li>\n<li>Y\u00fcksek nefes alabilme \u00f6zelli\u011fi<\/li>\n<\/ul>\n<p>KULLANIM ALANI<\/p>\n<ul>\n<li>Tu\u011fla, gazbeton, beton, br\u00fct beton, bims, briket y\u00fczeylerde kullan\u0131l\u0131r.<\/li>\n<\/ul>\n","protected":false},"excerpt":{"rendered":"<p>\u00c7imento esasl\u0131 makine s\u0131vas\u0131 D\u0131\u015f mekanlarda kullan\u0131l\u0131r Pratik, kaliteli ve ekonomik H\u0131zl\u0131 ve kolay kaplama Y\u00fcksek nefes alabilme \u00f6zelli\u011fi KULLANIM ALANI Tu\u011fla, gazbeton, beton, br\u00fct beton, bims, briket y\u00fczeylerde kullan\u0131l\u0131r.<\/p>\n","protected":false},"featured_media":877,"comment_status":"open","ping_status":"closed","template":"","meta":{"_kadence_starter_templates_imported_post":false,"_kad_post_transparent":"default","_kad_post_title":"","_kad_post_layout":"default","_kad_post_sidebar_id":"","_kad_post_content_style":"default","_kad_post_vertical_padding":"default","_kad_post_feature":"","_kad_post_feature_position":"","_kad_post_header":false,"_kad_post_footer":false},"pwb-brand":[112],"product_cat":[16],"product_tag":[102],"class_list":{"0":"post-879","1":"product","2":"type-product","3":"status-publish","4":"has-post-thumbnail","6":"pwb-brand-abs","7":"product_cat-genel","8":"product_tag-s400-dis-cephe","10":"first","11":"instock","12":"shipping-taxable","13":"product-type-simple","14":"entry","15":"content-bg","16":"loop-entry"},"brands":[{"id":112,"name":"ABS AL\u00c7I","slug":"abs"}],"_links":{"self":[{"href":"https:\/\/hyayapi.com\/index.php?rest_route=\/wp\/v2\/product\/879","targetHints":{"allow":["GET"]}}],"collection":[{"href":"https:\/\/hyayapi.com\/index.php?rest_route=\/wp\/v2\/product"}],"about":[{"href":"https:\/\/hyayapi.com\/index.php?rest_route=\/wp\/v2\/types\/product"}],"replies":[{"embeddable":true,"href":"https:\/\/hyayapi.com\/index.php?rest_route=%2Fwp%2Fv2%2Fcomments&post=879"}],"wp:featuredmedia":[{"embeddable":true,"href":"https:\/\/hyayapi.com\/index.php?rest_route=\/wp\/v2\/media\/877"}],"wp:attachment":[{"href":"https:\/\/hyayapi.com\/index.php?rest_route=%2Fwp%2Fv2%2Fmedia&parent=879"}],"wp:term":[{"taxonomy":"pwb-brand","embeddable":true,"href":"https:\/\/hyayapi.com\/index.php?rest_route=%2Fwp%2Fv2%2Fpwb-brand&post=879"},{"taxonomy":"product_cat","embeddable":true,"href":"https:\/\/hyayapi.com\/index.php?rest_route=%2Fwp%2Fv2%2Fproduct_cat&post=879"},{"taxonomy":"product_tag","embeddable":true,"href":"https:\/\/hyayapi.com\/index.php?rest_route=%2Fwp%2Fv2%2Fproduct_tag&post=879"}],"curies":[{"name":"wp","href":"https:\/\/api.w.org\/{rel}","templated":true}]}}