{"id":871,"date":"2025-01-13T18:44:32","date_gmt":"2025-01-13T18:44:32","guid":{"rendered":"https:\/\/hyayapi.com\/?post_type=product&#038;p=871"},"modified":"2025-01-15T12:46:36","modified_gmt":"2025-01-15T12:46:36","slug":"abs-extreme","status":"publish","type":"product","link":"https:\/\/hyayapi.com\/?product=abs-extreme","title":{"rendered":"ABS Extreme"},"content":{"rendered":"<p>Sa\u011flam ve dayan\u0131kl\u0131<br \/>\nEsnek ve tasar\u0131ma uygun<br \/>\nKolay uygulan\u0131r<\/p>\n<p>&nbsp;<\/p>\n<p><strong>KULLANIM ALANI<\/strong><\/p>\n<p>\u0130\u00e7 mek\u00e2nlarda b\u00f6lme duvar, giydirme duvar ve asma tavan yap\u0131m\u0131nda kullan\u0131l\u0131r.<\/p>\n","protected":false},"excerpt":{"rendered":"<p>Sa\u011flam ve dayan\u0131kl\u0131 Esnek ve tasar\u0131ma uygun Kolay uygulan\u0131r &nbsp; KULLANIM ALANI \u0130\u00e7 mek\u00e2nlarda b\u00f6lme duvar, giydirme duvar ve asma tavan yap\u0131m\u0131nda kullan\u0131l\u0131r.<\/p>\n","protected":false},"featured_media":862,"comment_status":"open","ping_status":"closed","template":"","meta":{"_kadence_starter_templates_imported_post":false,"_kad_post_transparent":"default","_kad_post_title":"","_kad_post_layout":"default","_kad_post_sidebar_id":"","_kad_post_content_style":"default","_kad_post_vertical_padding":"default","_kad_post_feature":"","_kad_post_feature_position":"","_kad_post_header":false,"_kad_post_footer":false},"pwb-brand":[112],"product_cat":[16],"product_tag":[101],"class_list":{"0":"post-871","1":"product","2":"type-product","3":"status-publish","4":"has-post-thumbnail","6":"pwb-brand-abs","7":"product_cat-genel","8":"product_tag-abs-extreme","10":"first","11":"instock","12":"shipping-taxable","13":"product-type-simple","14":"entry","15":"content-bg","16":"loop-entry"},"brands":[{"id":112,"name":"ABS AL\u00c7I","slug":"abs"}],"_links":{"self":[{"href":"https:\/\/hyayapi.com\/index.php?rest_route=\/wp\/v2\/product\/871","targetHints":{"allow":["GET"]}}],"collection":[{"href":"https:\/\/hyayapi.com\/index.php?rest_route=\/wp\/v2\/product"}],"about":[{"href":"https:\/\/hyayapi.com\/index.php?rest_route=\/wp\/v2\/types\/product"}],"replies":[{"embeddable":true,"href":"https:\/\/hyayapi.com\/index.php?rest_route=%2Fwp%2Fv2%2Fcomments&post=871"}],"wp:featuredmedia":[{"embeddable":true,"href":"https:\/\/hyayapi.com\/index.php?rest_route=\/wp\/v2\/media\/862"}],"wp:attachment":[{"href":"https:\/\/hyayapi.com\/index.php?rest_route=%2Fwp%2Fv2%2Fmedia&parent=871"}],"wp:term":[{"taxonomy":"pwb-brand","embeddable":true,"href":"https:\/\/hyayapi.com\/index.php?rest_route=%2Fwp%2Fv2%2Fpwb-brand&post=871"},{"taxonomy":"product_cat","embeddable":true,"href":"https:\/\/hyayapi.com\/index.php?rest_route=%2Fwp%2Fv2%2Fproduct_cat&post=871"},{"taxonomy":"product_tag","embeddable":true,"href":"https:\/\/hyayapi.com\/index.php?rest_route=%2Fwp%2Fv2%2Fproduct_tag&post=871"}],"curies":[{"name":"wp","href":"https:\/\/api.w.org\/{rel}","templated":true}]}}