{"id":844,"date":"2025-01-13T18:12:49","date_gmt":"2025-01-13T18:12:49","guid":{"rendered":"https:\/\/hyayapi.com\/?post_type=product&#038;p=844"},"modified":"2025-01-15T13:21:04","modified_gmt":"2025-01-15T13:21:04","slug":"3005-izostop-rapid","status":"publish","type":"product","link":"https:\/\/hyayapi.com\/?product=3005-izostop-rapid","title":{"rendered":"3005 \u0130ZOSTOP RAP\u0130D"},"content":{"rendered":"<div class=\"c-item-01-A \">\n<div class=\"c-unit-01\">\n<div class=\"c-unit-01-A heading-Low-Tone\"><strong>Tan\u0131m<\/strong><\/div>\n<div class=\"c-unit-01-B body-small\">Su ge\u00e7irimsiz, su ile temas halinde \u00e7ok h\u0131zl\u0131 priz alan, aktif su ka\u00e7aklar\u0131n\u0131n yal\u0131t\u0131m\u0131nda ve tamir i\u015flerinde kullan\u0131lan, mineral dolgu ve \u00f6zel \u00e7imento i\u00e7eren tamir ve t\u0131kama harc\u0131d\u0131r.<\/div>\n<\/div>\n<div class=\"c-unit-02\">\n<div class=\"c-unit-01-A heading-Low-Tone\"><strong>Kullan\u0131m Alanlar\u0131<\/strong><\/div>\n<div class=\"c-unit-01-B body-small\">\n<div class=\"c-unit-01-B-01\">Bodrumlar, temellerdeki perde duvarlar, betonarme su depolar\u0131 ve beton borulardaki \u00e7atlaklardan gelen bas\u0131n\u00e7l\u0131 veya s\u0131z\u0131nt\u0131 halindeki aktif su ka\u00e7aklar\u0131n\u0131n durdurulmas\u0131nda, \u2022 Kal\u0131p i\u00e7indeki gergi demir bo\u015fluklar\u0131n\u0131n ve tij deliklerinin doldurulmas\u0131 ve yal\u0131t\u0131m\u0131nda, \u2022 Boru ve kablo ge\u00e7i\u015flerinin su yal\u0131t\u0131m\u0131nda, \u2022 Kalekim \u0130zoseal ile beraber bodrum katlar\u0131n\u0131n i\u00e7ten yal\u0131t\u0131m\u0131nda kullan\u0131l\u0131r.<\/div>\n<\/div>\n<\/div>\n<div class=\"c-unit-02\">\n<div class=\"c-unit-01-A heading-Low-Tone\"><strong>Ambalaj<\/strong><\/div>\n<ul class=\"c-unit-01-B body-small\">\n<li class=\"c-unit-01-B-01\">5 kg plastik kova<\/li>\n<\/ul>\n<\/div>\n<\/div>\n<div class=\"c-item-01-B \">\n<div class=\"c-unit-01\">\n<div class=\"c-unit-01-A heading-Low-Tone\"><strong>\u00d6zellikler<\/strong><\/div>\n<div class=\"c-unit-01-B body-small\">\n<div class=\"c-unit-01-B-01\">Ani priz alarak (30 sn i\u00e7inde) su ge\u00e7irimsiz t\u0131ka\u00e7 olur. R\u00f6tre yapmaz, \u00e7atlamaz. Betonarme donat\u0131s\u0131n\u0131 korozyona u\u011fratmaz. Y\u00fczeye m\u00fckemmel yap\u0131\u015f\u0131r. Mekanik dayan\u0131m\u0131 \u00e7ok y\u00fcksektir. \u00dczerine her t\u00fcrl\u00fc su yal\u0131t\u0131m malzemesi uygulanabilir.<\/div>\n<\/div>\n<\/div>\n<\/div>\n","protected":false},"excerpt":{"rendered":"<p>Tan\u0131m Su ge\u00e7irimsiz, su ile temas halinde \u00e7ok h\u0131zl\u0131 priz alan, aktif su ka\u00e7aklar\u0131n\u0131n yal\u0131t\u0131m\u0131nda ve tamir i\u015flerinde kullan\u0131lan, mineral dolgu ve \u00f6zel \u00e7imento i\u00e7eren tamir ve t\u0131kama harc\u0131d\u0131r. Kullan\u0131m Alanlar\u0131 Bodrumlar, temellerdeki perde duvarlar, betonarme su depolar\u0131 ve beton borulardaki \u00e7atlaklardan gelen bas\u0131n\u00e7l\u0131 veya s\u0131z\u0131nt\u0131 halindeki aktif su ka\u00e7aklar\u0131n\u0131n durdurulmas\u0131nda, \u2022 Kal\u0131p i\u00e7indeki gergi&#8230;<\/p>\n","protected":false},"featured_media":840,"comment_status":"open","ping_status":"closed","template":"","meta":{"_kadence_starter_templates_imported_post":false,"_kad_post_transparent":"default","_kad_post_title":"","_kad_post_layout":"default","_kad_post_sidebar_id":"","_kad_post_content_style":"default","_kad_post_vertical_padding":"default","_kad_post_feature":"","_kad_post_feature_position":"","_kad_post_header":false,"_kad_post_footer":false},"pwb-brand":[119],"product_cat":[16],"product_tag":[],"class_list":{"0":"post-844","1":"product","2":"type-product","3":"status-publish","4":"has-post-thumbnail","6":"pwb-brand-kalekim","7":"product_cat-genel","9":"first","10":"instock","11":"shipping-taxable","12":"product-type-simple","13":"entry","14":"content-bg","15":"loop-entry"},"brands":[{"id":119,"name":"KALEK\u0130M","slug":"kalekim"}],"_links":{"self":[{"href":"https:\/\/hyayapi.com\/index.php?rest_route=\/wp\/v2\/product\/844","targetHints":{"allow":["GET"]}}],"collection":[{"href":"https:\/\/hyayapi.com\/index.php?rest_route=\/wp\/v2\/product"}],"about":[{"href":"https:\/\/hyayapi.com\/index.php?rest_route=\/wp\/v2\/types\/product"}],"replies":[{"embeddable":true,"href":"https:\/\/hyayapi.com\/index.php?rest_route=%2Fwp%2Fv2%2Fcomments&post=844"}],"wp:featuredmedia":[{"embeddable":true,"href":"https:\/\/hyayapi.com\/index.php?rest_route=\/wp\/v2\/media\/840"}],"wp:attachment":[{"href":"https:\/\/hyayapi.com\/index.php?rest_route=%2Fwp%2Fv2%2Fmedia&parent=844"}],"wp:term":[{"taxonomy":"pwb-brand","embeddable":true,"href":"https:\/\/hyayapi.com\/index.php?rest_route=%2Fwp%2Fv2%2Fpwb-brand&post=844"},{"taxonomy":"product_cat","embeddable":true,"href":"https:\/\/hyayapi.com\/index.php?rest_route=%2Fwp%2Fv2%2Fproduct_cat&post=844"},{"taxonomy":"product_tag","embeddable":true,"href":"https:\/\/hyayapi.com\/index.php?rest_route=%2Fwp%2Fv2%2Fproduct_tag&post=844"}],"curies":[{"name":"wp","href":"https:\/\/api.w.org\/{rel}","templated":true}]}}