{"id":843,"date":"2025-01-13T18:11:46","date_gmt":"2025-01-13T18:11:46","guid":{"rendered":"https:\/\/hyayapi.com\/?post_type=product&#038;p=843"},"modified":"2025-01-15T13:43:19","modified_gmt":"2025-01-15T13:43:19","slug":"3001-izostop","status":"publish","type":"product","link":"https:\/\/hyayapi.com\/?product=3001-izostop","title":{"rendered":"3001 \u0130ZOSTOP"},"content":{"rendered":"<div class=\"c-item-01-A \">\n<div class=\"c-unit-01\">\n<div class=\"c-unit-01-A heading-Low-Tone\"><strong>Tan\u0131m<\/strong><\/div>\n<div class=\"c-unit-01-B body-small\">Toz ve har\u00e7 halinde uygulanabilen, su ge\u00e7irimsiz, ani priz alan, aktif su ka\u00e7aklar\u0131n\u0131 \u00f6nleyen, mineral dolgu ve \u00f6zel \u00e7imento i\u00e7eren t\u0131kama malzemesi.<\/div>\n<\/div>\n<div class=\"c-unit-02\">\n<div class=\"c-unit-01-A heading-Low-Tone\"><strong>Kullan\u0131m Alanlar\u0131<\/strong><\/div>\n<div class=\"c-unit-01-B body-small\">\n<div class=\"c-unit-01-B-01\">Bodrumlar, temellerdeki perde duvarlar, betonarme su depolar\u0131 ve beton borulardaki bas\u0131n\u00e7l\u0131 veya s\u0131z\u0131nt\u0131 halinde gelen aktif su ka\u00e7aklar\u0131n\u0131n yal\u0131t\u0131m \u00f6ncesi durdurulmas\u0131 ve t\u0131kanmas\u0131nda, Boru ve kablo ge\u00e7i\u015flerinin su yal\u0131t\u0131m\u0131nda, Kal\u0131p i\u00e7indeki gergi demir bo\u015fluklar\u0131n\u0131n doldurulmas\u0131 ve yal\u0131t\u0131m\u0131nda kullan\u0131l\u0131r.<\/div>\n<\/div>\n<\/div>\n<div class=\"c-unit-02\">\n<div class=\"c-unit-01-A heading-Low-Tone\"><strong>Ambalaj<\/strong><\/div>\n<ul class=\"c-unit-01-B body-small\">\n<li class=\"c-unit-01-B-01\">5 kg plastik kova<\/li>\n<\/ul>\n<\/div>\n<\/div>\n<div class=\"c-item-01-B \">\n<div class=\"c-unit-01\">\n<div class=\"c-unit-01-A heading-Low-Tone\"><strong>\u00d6zellikler<\/strong><\/div>\n<div class=\"c-unit-01-B body-small\">\n<div class=\"c-unit-01-B-01\">Su ile kar\u0131\u015ft\u0131r\u0131lmadan toz halinde uygulanabilir. Ani priz alarak su ge\u00e7irimsiz t\u0131ka\u00e7 olur.Kolay uygulan\u0131r. R\u00f6tre yapmaz, \u00e7atlamaz. Betonarme donat\u0131s\u0131n\u0131 korozyona u\u011fratmaz. Y\u00fczeye m\u00fckemmel yap\u0131\u015f\u0131r. Mekanik dayan\u0131m\u0131 \u00e7ok y\u00fcksektir. \u00dczerine her t\u00fcrl\u00fc su yal\u0131t\u0131m malzemesi uygulanabilir.<\/div>\n<\/div>\n<\/div>\n<\/div>\n","protected":false},"excerpt":{"rendered":"<p>Tan\u0131m Toz ve har\u00e7 halinde uygulanabilen, su ge\u00e7irimsiz, ani priz alan, aktif su ka\u00e7aklar\u0131n\u0131 \u00f6nleyen, mineral dolgu ve \u00f6zel \u00e7imento i\u00e7eren t\u0131kama malzemesi. Kullan\u0131m Alanlar\u0131 Bodrumlar, temellerdeki perde duvarlar, betonarme su depolar\u0131 ve beton borulardaki bas\u0131n\u00e7l\u0131 veya s\u0131z\u0131nt\u0131 halinde gelen aktif su ka\u00e7aklar\u0131n\u0131n yal\u0131t\u0131m \u00f6ncesi durdurulmas\u0131 ve t\u0131kanmas\u0131nda, Boru ve kablo ge\u00e7i\u015flerinin su yal\u0131t\u0131m\u0131nda, Kal\u0131p&#8230;<\/p>\n","protected":false},"featured_media":839,"comment_status":"open","ping_status":"closed","template":"","meta":{"_kadence_starter_templates_imported_post":false,"_kad_post_transparent":"default","_kad_post_title":"","_kad_post_layout":"default","_kad_post_sidebar_id":"","_kad_post_content_style":"default","_kad_post_vertical_padding":"default","_kad_post_feature":"","_kad_post_feature_position":"","_kad_post_header":false,"_kad_post_footer":false},"pwb-brand":[119],"product_cat":[16],"product_tag":[],"class_list":{"0":"post-843","1":"product","2":"type-product","3":"status-publish","4":"has-post-thumbnail","6":"pwb-brand-kalekim","7":"product_cat-genel","9":"first","10":"instock","11":"shipping-taxable","12":"product-type-simple","13":"entry","14":"content-bg","15":"loop-entry"},"brands":[{"id":119,"name":"KALEK\u0130M","slug":"kalekim"}],"_links":{"self":[{"href":"https:\/\/hyayapi.com\/index.php?rest_route=\/wp\/v2\/product\/843","targetHints":{"allow":["GET"]}}],"collection":[{"href":"https:\/\/hyayapi.com\/index.php?rest_route=\/wp\/v2\/product"}],"about":[{"href":"https:\/\/hyayapi.com\/index.php?rest_route=\/wp\/v2\/types\/product"}],"replies":[{"embeddable":true,"href":"https:\/\/hyayapi.com\/index.php?rest_route=%2Fwp%2Fv2%2Fcomments&post=843"}],"wp:featuredmedia":[{"embeddable":true,"href":"https:\/\/hyayapi.com\/index.php?rest_route=\/wp\/v2\/media\/839"}],"wp:attachment":[{"href":"https:\/\/hyayapi.com\/index.php?rest_route=%2Fwp%2Fv2%2Fmedia&parent=843"}],"wp:term":[{"taxonomy":"pwb-brand","embeddable":true,"href":"https:\/\/hyayapi.com\/index.php?rest_route=%2Fwp%2Fv2%2Fpwb-brand&post=843"},{"taxonomy":"product_cat","embeddable":true,"href":"https:\/\/hyayapi.com\/index.php?rest_route=%2Fwp%2Fv2%2Fproduct_cat&post=843"},{"taxonomy":"product_tag","embeddable":true,"href":"https:\/\/hyayapi.com\/index.php?rest_route=%2Fwp%2Fv2%2Fproduct_tag&post=843"}],"curies":[{"name":"wp","href":"https:\/\/api.w.org\/{rel}","templated":true}]}}