{"id":841,"date":"2025-01-13T18:09:53","date_gmt":"2025-01-13T18:09:53","guid":{"rendered":"https:\/\/hyayapi.com\/?post_type=product&#038;p=841"},"modified":"2025-01-15T13:43:27","modified_gmt":"2025-01-15T13:43:27","slug":"3026-izoseal","status":"publish","type":"product","link":"https:\/\/hyayapi.com\/?product=3026-izoseal","title":{"rendered":"3026 \u0130ZOSEAL"},"content":{"rendered":"<div class=\"c-item-01-A \">\n<div class=\"c-unit-01\">\n<div class=\"c-unit-01-A heading-Low-Tone\"><strong>Tan\u0131m<\/strong><\/div>\n<div class=\"c-unit-01-B body-small\">Negatif ve pozitif y\u00f6nden kullan\u0131labilen, betona i\u015fleyerek su ge\u00e7irimsizlik sa\u011flayan, tek bile\u015fenli, kristalize, kapiler etkili, \u00e7imento esasl\u0131 su yal\u0131t\u0131m harc\u0131d\u0131r.<\/div>\n<\/div>\n<div class=\"c-unit-02\">\n<div class=\"c-unit-01-A heading-Low-Tone\"><strong>Kullan\u0131m Alanlar\u0131<\/strong><\/div>\n<div class=\"c-unit-01-B body-small\">\n<div class=\"c-unit-01-B-01\">Bodrumlar. Temel ve perde duvarlar. Y\u00fczme havuzlar\u0131 ve su depolar\u0131. Kanalizasyon ve at\u0131k su ar\u0131tma tesisleri. T\u00fcneller ve k\u00f6pr\u00fcler. Asans\u00f6r kuyular\u0131. Yer alt\u0131 garaj ve depolar\u0131nda eski ve yeni t\u00fcm yap\u0131sal olarak sa\u011flam beton y\u00fczeylerin negatif ve pozitif y\u00f6nden su yal\u0131t\u0131m\u0131nda kullan\u0131l\u0131r.<\/div>\n<\/div>\n<\/div>\n<div class=\"c-unit-02\">\n<div class=\"c-unit-01-A heading-Low-Tone\"><strong>Ambalaj<\/strong><\/div>\n<ul class=\"c-unit-01-B body-small\">\n<li class=\"c-unit-01-B-01\">25 kg kraft torba<\/li>\n<\/ul>\n<\/div>\n<\/div>\n<div class=\"c-item-01-B \">\n<div class=\"c-unit-01\">\n<div class=\"c-unit-01-A heading-Low-Tone\"><strong>\u00d6zellikler<\/strong><\/div>\n<div class=\"c-unit-01-B body-small\">\n<div class=\"c-unit-01-B-01\">Betona derinlemesine n\u00fcfuz eder. Betondaki kapiler bo\u015fluklar\u0131 ve 0,4 mm\u2019ye kadar r\u00f6tre \u00e7atlaklar\u0131n\u0131 olu\u015fturdu\u011fu kristallerle doldurarak su yal\u0131t\u0131m\u0131 sa\u011flar. F\u0131r\u00e7a veya sprey ile hem pozitif, hem de negatif taraftan uygulanabilir. Negatif ve pozitif su bas\u0131nc\u0131na kar\u015f\u0131 dayan\u0131m\u0131 y\u00fcksektir. Kolay uygulanmas\u0131yla h\u0131zl\u0131 ve ekonomiktir. Nemli veya tam olarak prizini almam\u0131\u015f beton y\u00fczeylere uygulanabilir. Betonarme yap\u0131n\u0131n donat\u0131s\u0131n\u0131 korur. \u0130\u00e7me suyu depolar\u0131nda kullan\u0131ma uygundur.<\/div>\n<\/div>\n<\/div>\n<\/div>\n","protected":false},"excerpt":{"rendered":"<p>Tan\u0131m Negatif ve pozitif y\u00f6nden kullan\u0131labilen, betona i\u015fleyerek su ge\u00e7irimsizlik sa\u011flayan, tek bile\u015fenli, kristalize, kapiler etkili, \u00e7imento esasl\u0131 su yal\u0131t\u0131m harc\u0131d\u0131r. Kullan\u0131m Alanlar\u0131 Bodrumlar. Temel ve perde duvarlar. Y\u00fczme havuzlar\u0131 ve su depolar\u0131. Kanalizasyon ve at\u0131k su ar\u0131tma tesisleri. T\u00fcneller ve k\u00f6pr\u00fcler. Asans\u00f6r kuyular\u0131. Yer alt\u0131 garaj ve depolar\u0131nda eski ve yeni t\u00fcm yap\u0131sal olarak&#8230;<\/p>\n","protected":false},"featured_media":837,"comment_status":"open","ping_status":"closed","template":"","meta":{"_kadence_starter_templates_imported_post":false,"_kad_post_transparent":"default","_kad_post_title":"","_kad_post_layout":"default","_kad_post_sidebar_id":"","_kad_post_content_style":"default","_kad_post_vertical_padding":"default","_kad_post_feature":"","_kad_post_feature_position":"","_kad_post_header":false,"_kad_post_footer":false},"pwb-brand":[119],"product_cat":[16],"product_tag":[],"class_list":{"0":"post-841","1":"product","2":"type-product","3":"status-publish","4":"has-post-thumbnail","6":"pwb-brand-kalekim","7":"product_cat-genel","9":"first","10":"instock","11":"shipping-taxable","12":"product-type-simple","13":"entry","14":"content-bg","15":"loop-entry"},"brands":[{"id":119,"name":"KALEK\u0130M","slug":"kalekim"}],"_links":{"self":[{"href":"https:\/\/hyayapi.com\/index.php?rest_route=\/wp\/v2\/product\/841","targetHints":{"allow":["GET"]}}],"collection":[{"href":"https:\/\/hyayapi.com\/index.php?rest_route=\/wp\/v2\/product"}],"about":[{"href":"https:\/\/hyayapi.com\/index.php?rest_route=\/wp\/v2\/types\/product"}],"replies":[{"embeddable":true,"href":"https:\/\/hyayapi.com\/index.php?rest_route=%2Fwp%2Fv2%2Fcomments&post=841"}],"wp:featuredmedia":[{"embeddable":true,"href":"https:\/\/hyayapi.com\/index.php?rest_route=\/wp\/v2\/media\/837"}],"wp:attachment":[{"href":"https:\/\/hyayapi.com\/index.php?rest_route=%2Fwp%2Fv2%2Fmedia&parent=841"}],"wp:term":[{"taxonomy":"pwb-brand","embeddable":true,"href":"https:\/\/hyayapi.com\/index.php?rest_route=%2Fwp%2Fv2%2Fpwb-brand&post=841"},{"taxonomy":"product_cat","embeddable":true,"href":"https:\/\/hyayapi.com\/index.php?rest_route=%2Fwp%2Fv2%2Fproduct_cat&post=841"},{"taxonomy":"product_tag","embeddable":true,"href":"https:\/\/hyayapi.com\/index.php?rest_route=%2Fwp%2Fv2%2Fproduct_tag&post=841"}],"curies":[{"name":"wp","href":"https:\/\/api.w.org\/{rel}","templated":true}]}}