{"id":832,"date":"2025-01-13T17:54:49","date_gmt":"2025-01-13T17:54:49","guid":{"rendered":"https:\/\/hyayapi.com\/?post_type=product&#038;p=832"},"modified":"2025-01-13T18:15:02","modified_gmt":"2025-01-13T18:15:02","slug":"3602-mantostone","status":"publish","type":"product","link":"https:\/\/hyayapi.com\/?product=3602-mantostone","title":{"rendered":"3602 MANTOSTONE"},"content":{"rendered":"<div class=\"c-item-01-A \">\n<div class=\"c-unit-01\">\n<div class=\"c-unit-01-A heading-Low-Tone\"><strong>Tan\u0131m<\/strong><\/div>\n<div class=\"c-unit-01-B body-small\">Ta\u015fy\u00fcn\u00fc mantolama sistemleri i\u00e7in \u00f6zel olarak geli\u015ftirilmi\u015f hafif yap\u0131\u015ft\u0131rma ve s\u0131va harc\u0131d\u0131r.<\/div>\n<\/div>\n<div class=\"c-unit-02\">\n<div class=\"c-unit-01-A heading-Low-Tone\"><strong>Kullan\u0131m Alanlar\u0131<\/strong><\/div>\n<div class=\"c-unit-01-B body-small\">\n<div class=\"c-unit-01-B-01\">T\u00fcm yap\u0131lar\u0131n i\u00e7 ve d\u0131\u015f cephelerinde XPS, EPS ve Ta\u015fy\u00fcn\u00fc yal\u0131t\u0131m levhalar\u0131n\u0131n yap\u0131\u015ft\u0131r\u0131lmas\u0131nda ve s\u0131vanmas\u0131nda kullan\u0131l\u0131r.<\/div>\n<\/div>\n<\/div>\n<div class=\"c-unit-02\">\n<div class=\"c-unit-01-A heading-Low-Tone\"><strong>Ambalaj<\/strong><\/div>\n<ul class=\"c-unit-01-B body-small\">\n<li class=\"c-unit-01-B-01\">15 kg kraft torba<\/li>\n<\/ul>\n<\/div>\n<\/div>\n<div class=\"c-item-01-B \">\n<div class=\"c-unit-01\">\n<div class=\"c-unit-01-A heading-Low-Tone\"><strong>\u00d6zellikler<\/strong><\/div>\n<div class=\"c-unit-01-B body-small\">\n<div class=\"c-unit-01-B-01\">%40 daha hafif yap\u0131\u015ft\u0131rma ve s\u0131va harc\u0131d\u0131r. %40 daha d\u00fc\u015f\u00fck su emme \u00f6zelli\u011fine sahiptir. Mantolama Sistemini %25 hafifletir. Hafif \u00fcr\u00fcn olmas\u0131ndan dolay\u0131 daha kolay ve daha h\u0131zl\u0131 uygulama imkan\u0131 sa\u011flar.<\/div>\n<\/div>\n<\/div>\n<\/div>\n","protected":false},"excerpt":{"rendered":"<p>Tan\u0131m Ta\u015fy\u00fcn\u00fc mantolama sistemleri i\u00e7in \u00f6zel olarak geli\u015ftirilmi\u015f hafif yap\u0131\u015ft\u0131rma ve s\u0131va harc\u0131d\u0131r. Kullan\u0131m Alanlar\u0131 T\u00fcm yap\u0131lar\u0131n i\u00e7 ve d\u0131\u015f cephelerinde XPS, EPS ve Ta\u015fy\u00fcn\u00fc yal\u0131t\u0131m levhalar\u0131n\u0131n yap\u0131\u015ft\u0131r\u0131lmas\u0131nda ve s\u0131vanmas\u0131nda kullan\u0131l\u0131r. Ambalaj 15 kg kraft torba \u00d6zellikler %40 daha hafif yap\u0131\u015ft\u0131rma ve s\u0131va harc\u0131d\u0131r. %40 daha d\u00fc\u015f\u00fck su emme \u00f6zelli\u011fine sahiptir. Mantolama Sistemini %25 hafifletir&#8230;.<\/p>\n","protected":false},"featured_media":826,"comment_status":"open","ping_status":"closed","template":"","meta":{"_kadence_starter_templates_imported_post":false,"_kad_post_transparent":"default","_kad_post_title":"","_kad_post_layout":"default","_kad_post_sidebar_id":"","_kad_post_content_style":"default","_kad_post_vertical_padding":"default","_kad_post_feature":"","_kad_post_feature_position":"","_kad_post_header":false,"_kad_post_footer":false},"pwb-brand":[],"product_cat":[33,59],"product_tag":[],"class_list":{"0":"post-832","1":"product","2":"type-product","3":"status-publish","4":"has-post-thumbnail","6":"product_cat-isi-yalitim-sistemleri-urunler","7":"product_cat-yapi-kimyasallari","9":"first","10":"instock","11":"shipping-taxable","12":"product-type-simple","13":"entry","14":"content-bg","15":"loop-entry"},"brands":[],"_links":{"self":[{"href":"https:\/\/hyayapi.com\/index.php?rest_route=\/wp\/v2\/product\/832","targetHints":{"allow":["GET"]}}],"collection":[{"href":"https:\/\/hyayapi.com\/index.php?rest_route=\/wp\/v2\/product"}],"about":[{"href":"https:\/\/hyayapi.com\/index.php?rest_route=\/wp\/v2\/types\/product"}],"replies":[{"embeddable":true,"href":"https:\/\/hyayapi.com\/index.php?rest_route=%2Fwp%2Fv2%2Fcomments&post=832"}],"wp:featuredmedia":[{"embeddable":true,"href":"https:\/\/hyayapi.com\/index.php?rest_route=\/wp\/v2\/media\/826"}],"wp:attachment":[{"href":"https:\/\/hyayapi.com\/index.php?rest_route=%2Fwp%2Fv2%2Fmedia&parent=832"}],"wp:term":[{"taxonomy":"pwb-brand","embeddable":true,"href":"https:\/\/hyayapi.com\/index.php?rest_route=%2Fwp%2Fv2%2Fpwb-brand&post=832"},{"taxonomy":"product_cat","embeddable":true,"href":"https:\/\/hyayapi.com\/index.php?rest_route=%2Fwp%2Fv2%2Fproduct_cat&post=832"},{"taxonomy":"product_tag","embeddable":true,"href":"https:\/\/hyayapi.com\/index.php?rest_route=%2Fwp%2Fv2%2Fproduct_tag&post=832"}],"curies":[{"name":"wp","href":"https:\/\/api.w.org\/{rel}","templated":true}]}}