{"id":829,"date":"2025-01-13T17:55:11","date_gmt":"2025-01-13T17:55:11","guid":{"rendered":"https:\/\/hyayapi.com\/?post_type=product&#038;p=829"},"modified":"2025-01-13T18:15:11","modified_gmt":"2025-01-13T18:15:11","slug":"stt-gazbeton-urun-katalogu","status":"publish","type":"product","link":"https:\/\/hyayapi.com\/?product=stt-gazbeton-urun-katalogu","title":{"rendered":"STT GazBeton \u00dcr\u00fcn Katalo\u011fu"},"content":{"rendered":"<p><a href=\"https:\/\/hyayapi.com\/wp-content\/uploads\/2025\/01\/stt-gazbeton-Ana-Katalog-TR.pdf\">STT GAZBETON Katalog \u0130\u00e7in <strong>&#8212;-&gt;<\/strong> <strong>TIKLAYINIZ<\/strong>.<\/a><\/p>\n","protected":false},"excerpt":{"rendered":"<p><a href=\"https:\/\/hyayapi.com\/wp-content\/uploads\/2025\/01\/stt-gazbeton-Ana-Katalog-TR.pdf\">STT GAZBETON Katalog \u0130\u00e7in <strong>&#8212;-&gt;<\/strong> <strong>TIKLAYINIZ<\/strong>.<\/a><\/p>\n","protected":false},"featured_media":722,"comment_status":"open","ping_status":"closed","template":"","meta":{"_kadence_starter_templates_imported_post":false,"_kad_post_transparent":"default","_kad_post_title":"","_kad_post_layout":"default","_kad_post_sidebar_id":"","_kad_post_content_style":"default","_kad_post_vertical_padding":"default","_kad_post_feature":"","_kad_post_feature_position":"","_kad_post_header":false,"_kad_post_footer":false},"pwb-brand":[],"product_cat":[25,23],"product_tag":[93,94],"class_list":{"0":"post-829","1":"product","2":"type-product","3":"status-publish","4":"has-post-thumbnail","6":"product_cat-gaz-beton","7":"product_cat-kaba-yapi-sistemleri","8":"product_tag-katalog","9":"product_tag-stt-gazbeton","11":"first","12":"instock","13":"shipping-taxable","14":"product-type-external","15":"entry","16":"content-bg","17":"loop-entry"},"brands":[],"_links":{"self":[{"href":"https:\/\/hyayapi.com\/index.php?rest_route=\/wp\/v2\/product\/829","targetHints":{"allow":["GET"]}}],"collection":[{"href":"https:\/\/hyayapi.com\/index.php?rest_route=\/wp\/v2\/product"}],"about":[{"href":"https:\/\/hyayapi.com\/index.php?rest_route=\/wp\/v2\/types\/product"}],"replies":[{"embeddable":true,"href":"https:\/\/hyayapi.com\/index.php?rest_route=%2Fwp%2Fv2%2Fcomments&post=829"}],"wp:featuredmedia":[{"embeddable":true,"href":"https:\/\/hyayapi.com\/index.php?rest_route=\/wp\/v2\/media\/722"}],"wp:attachment":[{"href":"https:\/\/hyayapi.com\/index.php?rest_route=%2Fwp%2Fv2%2Fmedia&parent=829"}],"wp:term":[{"taxonomy":"pwb-brand","embeddable":true,"href":"https:\/\/hyayapi.com\/index.php?rest_route=%2Fwp%2Fv2%2Fpwb-brand&post=829"},{"taxonomy":"product_cat","embeddable":true,"href":"https:\/\/hyayapi.com\/index.php?rest_route=%2Fwp%2Fv2%2Fproduct_cat&post=829"},{"taxonomy":"product_tag","embeddable":true,"href":"https:\/\/hyayapi.com\/index.php?rest_route=%2Fwp%2Fv2%2Fproduct_tag&post=829"}],"curies":[{"name":"wp","href":"https:\/\/api.w.org\/{rel}","templated":true}]}}