{"id":814,"date":"2025-01-13T17:40:50","date_gmt":"2025-01-13T17:40:50","guid":{"rendered":"https:\/\/hyayapi.com\/?post_type=product&#038;p=814"},"modified":"2025-01-15T13:21:27","modified_gmt":"2025-01-15T13:21:27","slug":"1053-kalekim-tozumaz","status":"publish","type":"product","link":"https:\/\/hyayapi.com\/?product=1053-kalekim-tozumaz","title":{"rendered":"1053 KALEK\u0130M TOZUMAZ"},"content":{"rendered":"<div class=\"c-item-01-A \">\n<div class=\"c-unit-01\">\n<div class=\"c-unit-01-A heading-Low-Tone\"><strong>Tan\u0131m<\/strong><\/div>\n<div class=\"c-unit-01-B body-small\">Tozumayan, kayma \u00f6zelli\u011fi azalt\u0131lm\u0131\u015f, uzun \u00e7al\u0131\u015fma s\u00fcresine sahip, \u00e7imento esasl\u0131 seramik yap\u0131\u015ft\u0131rma harc\u0131d\u0131r.<\/div>\n<\/div>\n<div class=\"c-unit-02\">\n<div class=\"c-unit-01-A heading-Low-Tone\">Kullan\u0131m Alanlar\u0131<\/div>\n<div class=\"c-unit-01-B body-small\">\n<div class=\"c-unit-01-B-01\">Seramik, mozaik, dekoratif tu\u011fla, do\u011fal ta\u015f, traverten gibi kaplama malzemelerinin yatay ve d\u00fc\u015feyde, banyo, mutfak gibi \u0131slak hacimlerde, beton, s\u0131va, \u015fap gibi y\u00fczeyler \u00fczerine uygulanmas\u0131nda m\u00fckemmel sonu\u00e7 verir. Mevcut seramik \u00fczeri seramik yap\u0131\u015ft\u0131rma uygulamalar\u0131ndan \u00f6nce y\u00fczey Kalekim Dolgulu Astar ile astarlanmal\u0131d\u0131r.<\/div>\n<\/div>\n<\/div>\n<div class=\"c-unit-02\">\n<div class=\"c-unit-01-A heading-Low-Tone\"><strong>Ambalaj<\/strong><\/div>\n<ul class=\"c-unit-01-B body-small\">\n<li class=\"c-unit-01-B-01\">25 kg kraft torba<\/li>\n<\/ul>\n<\/div>\n<\/div>\n<div class=\"c-item-01-B \">\n<div class=\"c-unit-01\">\n<div class=\"c-unit-01-A heading-Low-Tone\"><strong>\u00d6zellikler<\/strong><\/div>\n<div class=\"c-unit-01-B body-small\">\n<div class=\"c-unit-01-B-01\">Tozumama \u00f6zelli\u011fi sayesinde ustaya dost bir \u00fcr\u00fcnd\u00fcr. Y\u00fcksek yap\u0131\u015fma g\u00fcc\u00fcne sahiptir. Yukar\u0131dan a\u015fa\u011f\u0131 seramik d\u00f6\u015femeye uygundur. Kayma yapmaz. Uzun \u00e7al\u0131\u015fma s\u00fcresi ile zaman ve i\u015f\u00e7ilikten tasarruf sa\u011flar. Kolay taraklanabilir.<\/div>\n<\/div>\n<\/div>\n<\/div>\n","protected":false},"excerpt":{"rendered":"<p>Tan\u0131m Tozumayan, kayma \u00f6zelli\u011fi azalt\u0131lm\u0131\u015f, uzun \u00e7al\u0131\u015fma s\u00fcresine sahip, \u00e7imento esasl\u0131 seramik yap\u0131\u015ft\u0131rma harc\u0131d\u0131r. Kullan\u0131m Alanlar\u0131 Seramik, mozaik, dekoratif tu\u011fla, do\u011fal ta\u015f, traverten gibi kaplama malzemelerinin yatay ve d\u00fc\u015feyde, banyo, mutfak gibi \u0131slak hacimlerde, beton, s\u0131va, \u015fap gibi y\u00fczeyler \u00fczerine uygulanmas\u0131nda m\u00fckemmel sonu\u00e7 verir. Mevcut seramik \u00fczeri seramik yap\u0131\u015ft\u0131rma uygulamalar\u0131ndan \u00f6nce y\u00fczey Kalekim Dolgulu Astar&#8230;<\/p>\n","protected":false},"featured_media":808,"comment_status":"open","ping_status":"closed","template":"","meta":{"_kadence_starter_templates_imported_post":false,"_kad_post_transparent":"default","_kad_post_title":"","_kad_post_layout":"default","_kad_post_sidebar_id":"","_kad_post_content_style":"default","_kad_post_vertical_padding":"default","_kad_post_feature":"","_kad_post_feature_position":"","_kad_post_header":false,"_kad_post_footer":false},"pwb-brand":[119],"product_cat":[16],"product_tag":[],"class_list":{"0":"post-814","1":"product","2":"type-product","3":"status-publish","4":"has-post-thumbnail","6":"pwb-brand-kalekim","7":"product_cat-genel","9":"first","10":"instock","11":"shipping-taxable","12":"product-type-simple","13":"entry","14":"content-bg","15":"loop-entry"},"brands":[{"id":119,"name":"KALEK\u0130M","slug":"kalekim"}],"_links":{"self":[{"href":"https:\/\/hyayapi.com\/index.php?rest_route=\/wp\/v2\/product\/814","targetHints":{"allow":["GET"]}}],"collection":[{"href":"https:\/\/hyayapi.com\/index.php?rest_route=\/wp\/v2\/product"}],"about":[{"href":"https:\/\/hyayapi.com\/index.php?rest_route=\/wp\/v2\/types\/product"}],"replies":[{"embeddable":true,"href":"https:\/\/hyayapi.com\/index.php?rest_route=%2Fwp%2Fv2%2Fcomments&post=814"}],"wp:featuredmedia":[{"embeddable":true,"href":"https:\/\/hyayapi.com\/index.php?rest_route=\/wp\/v2\/media\/808"}],"wp:attachment":[{"href":"https:\/\/hyayapi.com\/index.php?rest_route=%2Fwp%2Fv2%2Fmedia&parent=814"}],"wp:term":[{"taxonomy":"pwb-brand","embeddable":true,"href":"https:\/\/hyayapi.com\/index.php?rest_route=%2Fwp%2Fv2%2Fpwb-brand&post=814"},{"taxonomy":"product_cat","embeddable":true,"href":"https:\/\/hyayapi.com\/index.php?rest_route=%2Fwp%2Fv2%2Fproduct_cat&post=814"},{"taxonomy":"product_tag","embeddable":true,"href":"https:\/\/hyayapi.com\/index.php?rest_route=%2Fwp%2Fv2%2Fproduct_tag&post=814"}],"curies":[{"name":"wp","href":"https:\/\/api.w.org\/{rel}","templated":true}]}}