{"id":739,"date":"2025-01-10T22:33:44","date_gmt":"2025-01-10T22:33:44","guid":{"rendered":"https:\/\/hyayapi.com\/?post_type=product&#038;p=739"},"modified":"2025-01-15T12:59:16","modified_gmt":"2025-01-15T12:59:16","slug":"ytong","status":"publish","type":"product","link":"https:\/\/hyayapi.com\/?product=ytong","title":{"rendered":"YTONG \u00dcr\u00fcn Katalo\u011fu"},"content":{"rendered":"<p><a href=\"https:\/\/hyayapi.com\/wp-content\/uploads\/2025\/01\/Ytong-Urun-Katalogu.pdf\"><strong>YTONG<\/strong> \u00dcr\u00fcn Katalo\u011fu i\u00e7in &#8212;&gt; <strong>TIKLAYINIZ!<\/strong><\/a><\/p>\n","protected":false},"excerpt":{"rendered":"<p><a href=\"https:\/\/hyayapi.com\/wp-content\/uploads\/2025\/01\/Ytong-Urun-Katalogu.pdf\"><strong>YTONG<\/strong> \u00dcr\u00fcn Katalo\u011fu i\u00e7in &#8212;&gt; <strong>TIKLAYINIZ!<\/strong><\/a><\/p>\n","protected":false},"featured_media":718,"comment_status":"open","ping_status":"closed","template":"","meta":{"_kadence_starter_templates_imported_post":false,"_kad_post_transparent":"default","_kad_post_title":"","_kad_post_layout":"default","_kad_post_sidebar_id":"","_kad_post_content_style":"default","_kad_post_vertical_padding":"default","_kad_post_feature":"","_kad_post_feature_position":"","_kad_post_header":false,"_kad_post_footer":false},"pwb-brand":[],"product_cat":[25,23],"product_tag":[71],"class_list":{"0":"post-739","1":"product","2":"type-product","3":"status-publish","4":"has-post-thumbnail","6":"product_cat-gaz-beton","7":"product_cat-kaba-yapi-sistemleri","8":"product_tag-ytong","10":"first","11":"instock","12":"shipping-taxable","13":"product-type-simple","14":"entry","15":"content-bg","16":"loop-entry"},"brands":[],"_links":{"self":[{"href":"https:\/\/hyayapi.com\/index.php?rest_route=\/wp\/v2\/product\/739","targetHints":{"allow":["GET"]}}],"collection":[{"href":"https:\/\/hyayapi.com\/index.php?rest_route=\/wp\/v2\/product"}],"about":[{"href":"https:\/\/hyayapi.com\/index.php?rest_route=\/wp\/v2\/types\/product"}],"replies":[{"embeddable":true,"href":"https:\/\/hyayapi.com\/index.php?rest_route=%2Fwp%2Fv2%2Fcomments&post=739"}],"wp:featuredmedia":[{"embeddable":true,"href":"https:\/\/hyayapi.com\/index.php?rest_route=\/wp\/v2\/media\/718"}],"wp:attachment":[{"href":"https:\/\/hyayapi.com\/index.php?rest_route=%2Fwp%2Fv2%2Fmedia&parent=739"}],"wp:term":[{"taxonomy":"pwb-brand","embeddable":true,"href":"https:\/\/hyayapi.com\/index.php?rest_route=%2Fwp%2Fv2%2Fpwb-brand&post=739"},{"taxonomy":"product_cat","embeddable":true,"href":"https:\/\/hyayapi.com\/index.php?rest_route=%2Fwp%2Fv2%2Fproduct_cat&post=739"},{"taxonomy":"product_tag","embeddable":true,"href":"https:\/\/hyayapi.com\/index.php?rest_route=%2Fwp%2Fv2%2Fproduct_tag&post=739"}],"curies":[{"name":"wp","href":"https:\/\/api.w.org\/{rel}","templated":true}]}}