{"id":334,"date":"2024-12-31T19:27:09","date_gmt":"2024-12-31T19:27:09","guid":{"rendered":"https:\/\/hyayapi.com\/?post_type=product&#038;p=334"},"modified":"2025-01-10T21:51:00","modified_gmt":"2025-01-10T21:51:00","slug":"modern-minimalist-dusakabin-ve-lavabo-seti","status":"publish","type":"product","link":"https:\/\/hyayapi.com\/?product=modern-minimalist-dusakabin-ve-lavabo-seti","title":{"rendered":"Modern Minimalist Du\u015fakabin ve Lavabo Seti"},"content":{"rendered":"<p>Banyonuza \u015f\u0131kl\u0131k ve modern bir dokunu\u015f katmak i\u00e7in tasarlanm\u0131\u015f bu set, siyah \u00e7er\u00e7eveli cam du\u015fakabin, do\u011fal ah\u015fap kaplamal\u0131 lavabo dolab\u0131 ve zarif tezgah \u00fcst\u00fc seramik lavaboyu bir araya getiriyor. Minimalist tasar\u0131ma sahip mat siyah armat\u00fcr, i\u015flevsellik ve esteti\u011fi birle\u015ftirirken geni\u015f depolama alanlar\u0131 banyo d\u00fczeninizi kolayla\u015ft\u0131r\u0131r. Suya ve neme dayan\u0131kl\u0131 malzemelerden \u00fcretilen bu set, hem dayan\u0131kl\u0131l\u0131k hem de zarif bir g\u00f6r\u00fcn\u00fcm sunar. Modern dekorasyon anlay\u0131\u015f\u0131n\u0131 benimseyenler i\u00e7in ideal bir \u00e7\u00f6z\u00fcm.<\/p>\n","protected":false},"excerpt":{"rendered":"<p>Banyonuza \u015f\u0131kl\u0131k ve modern bir dokunu\u015f katmak i\u00e7in tasarlanm\u0131\u015f bu set, siyah \u00e7er\u00e7eveli cam du\u015fakabin, do\u011fal ah\u015fap kaplamal\u0131 lavabo dolab\u0131 ve zarif tezgah \u00fcst\u00fc seramik lavaboyu bir araya getiriyor. Minimalist tasar\u0131ma sahip mat siyah armat\u00fcr, i\u015flevsellik ve esteti\u011fi birle\u015ftirirken geni\u015f depolama alanlar\u0131 banyo d\u00fczeninizi kolayla\u015ft\u0131r\u0131r. Suya ve neme dayan\u0131kl\u0131 malzemelerden \u00fcretilen bu set, hem dayan\u0131kl\u0131l\u0131k&#8230;<\/p>\n","protected":false},"featured_media":309,"comment_status":"open","ping_status":"closed","template":"","meta":{"_kadence_starter_templates_imported_post":false,"_kad_post_transparent":"default","_kad_post_title":"","_kad_post_layout":"default","_kad_post_sidebar_id":"","_kad_post_content_style":"default","_kad_post_vertical_padding":"default","_kad_post_feature":"","_kad_post_feature_position":"","_kad_post_header":false,"_kad_post_footer":false},"pwb-brand":[],"product_cat":[16,53],"product_tag":[],"class_list":{"0":"post-334","1":"product","2":"type-product","3":"status-publish","4":"has-post-thumbnail","6":"product_cat-genel","7":"product_cat-mutfak-ve-banyo-tasarimlari","9":"first","10":"instock","11":"shipping-taxable","12":"product-type-simple","13":"entry","14":"content-bg","15":"loop-entry"},"brands":[],"_links":{"self":[{"href":"https:\/\/hyayapi.com\/index.php?rest_route=\/wp\/v2\/product\/334","targetHints":{"allow":["GET"]}}],"collection":[{"href":"https:\/\/hyayapi.com\/index.php?rest_route=\/wp\/v2\/product"}],"about":[{"href":"https:\/\/hyayapi.com\/index.php?rest_route=\/wp\/v2\/types\/product"}],"replies":[{"embeddable":true,"href":"https:\/\/hyayapi.com\/index.php?rest_route=%2Fwp%2Fv2%2Fcomments&post=334"}],"wp:featuredmedia":[{"embeddable":true,"href":"https:\/\/hyayapi.com\/index.php?rest_route=\/wp\/v2\/media\/309"}],"wp:attachment":[{"href":"https:\/\/hyayapi.com\/index.php?rest_route=%2Fwp%2Fv2%2Fmedia&parent=334"}],"wp:term":[{"taxonomy":"pwb-brand","embeddable":true,"href":"https:\/\/hyayapi.com\/index.php?rest_route=%2Fwp%2Fv2%2Fpwb-brand&post=334"},{"taxonomy":"product_cat","embeddable":true,"href":"https:\/\/hyayapi.com\/index.php?rest_route=%2Fwp%2Fv2%2Fproduct_cat&post=334"},{"taxonomy":"product_tag","embeddable":true,"href":"https:\/\/hyayapi.com\/index.php?rest_route=%2Fwp%2Fv2%2Fproduct_tag&post=334"}],"curies":[{"name":"wp","href":"https:\/\/api.w.org\/{rel}","templated":true}]}}