{"id":330,"date":"2024-12-31T19:21:34","date_gmt":"2024-12-31T19:21:34","guid":{"rendered":"https:\/\/hyayapi.com\/?post_type=product&#038;p=330"},"modified":"2025-01-10T21:51:01","modified_gmt":"2025-01-10T21:51:01","slug":"woodline-5565-v31-banyo-dolabi-65-cm","status":"publish","type":"product","link":"https:\/\/hyayapi.com\/?product=woodline-5565-v31-banyo-dolabi-65-cm","title":{"rendered":"Woodline 5565 V31 Banyo Dolab\u0131 65 cm"},"content":{"rendered":"<p>Tasar\u0131mdaki dikd\u00f6rtgen \u00e7izgi farkl\u0131 tonlardaki akrilik lake ve desen kulp kombinasyonu ile \u00f6ne \u00e7\u0131k\u0131yor. Kullan\u0131lan entegre akrimer lavabolar ise banyolarda hijyenik bir g\u00f6r\u00fcnt\u00fc sa\u011flar.<\/p>\n<div class=\"mb-3\">\n<div class=\"mb-3\">\n<h4><b>\u00dcr\u00fcn \u00d6zellikleri<\/b><\/h4>\n<\/div>\n<table class=\"table table-striped-columns\">\n<tbody>\n<tr>\n<th scope=\"row\">Kapaklar<\/th>\n<td>Mat Beyaz Lake<\/td>\n<\/tr>\n<tr class=\"table-secondary  \">\n<th class=\"border-end\" scope=\"row\">Yanlar<\/th>\n<td>Mat Beyaz Melamin MDF<\/td>\n<\/tr>\n<tr>\n<th scope=\"row\">Lavabo<\/th>\n<td>Parlak Beyaz Akrimer<\/td>\n<\/tr>\n<tr class=\"table-secondary\">\n<th scope=\"row\">Ayna<\/th>\n<td>LED ayd\u0131nlatma.<\/td>\n<\/tr>\n<\/tbody>\n<\/table>\n<\/div>\n","protected":false},"excerpt":{"rendered":"<p>Tasar\u0131mdaki dikd\u00f6rtgen \u00e7izgi farkl\u0131 tonlardaki akrilik lake ve desen kulp kombinasyonu ile \u00f6ne \u00e7\u0131k\u0131yor. Kullan\u0131lan entegre akrimer lavabolar ise banyolarda hijyenik bir g\u00f6r\u00fcnt\u00fc sa\u011flar. \u00dcr\u00fcn \u00d6zellikleri Kapaklar Mat Beyaz Lake Yanlar Mat Beyaz Melamin MDF Lavabo Parlak Beyaz Akrimer Ayna LED ayd\u0131nlatma.<\/p>\n","protected":false},"featured_media":305,"comment_status":"open","ping_status":"closed","template":"","meta":{"_kadence_starter_templates_imported_post":false,"_kad_post_transparent":"default","_kad_post_title":"","_kad_post_layout":"default","_kad_post_sidebar_id":"","_kad_post_content_style":"default","_kad_post_vertical_padding":"default","_kad_post_feature":"","_kad_post_feature_position":"","_kad_post_header":false,"_kad_post_footer":false},"pwb-brand":[],"product_cat":[16,53],"product_tag":[],"class_list":{"0":"post-330","1":"product","2":"type-product","3":"status-publish","4":"has-post-thumbnail","6":"product_cat-genel","7":"product_cat-mutfak-ve-banyo-tasarimlari","9":"first","10":"instock","11":"shipping-taxable","12":"product-type-simple","13":"entry","14":"content-bg","15":"loop-entry"},"brands":[],"_links":{"self":[{"href":"https:\/\/hyayapi.com\/index.php?rest_route=\/wp\/v2\/product\/330","targetHints":{"allow":["GET"]}}],"collection":[{"href":"https:\/\/hyayapi.com\/index.php?rest_route=\/wp\/v2\/product"}],"about":[{"href":"https:\/\/hyayapi.com\/index.php?rest_route=\/wp\/v2\/types\/product"}],"replies":[{"embeddable":true,"href":"https:\/\/hyayapi.com\/index.php?rest_route=%2Fwp%2Fv2%2Fcomments&post=330"}],"wp:featuredmedia":[{"embeddable":true,"href":"https:\/\/hyayapi.com\/index.php?rest_route=\/wp\/v2\/media\/305"}],"wp:attachment":[{"href":"https:\/\/hyayapi.com\/index.php?rest_route=%2Fwp%2Fv2%2Fmedia&parent=330"}],"wp:term":[{"taxonomy":"pwb-brand","embeddable":true,"href":"https:\/\/hyayapi.com\/index.php?rest_route=%2Fwp%2Fv2%2Fpwb-brand&post=330"},{"taxonomy":"product_cat","embeddable":true,"href":"https:\/\/hyayapi.com\/index.php?rest_route=%2Fwp%2Fv2%2Fproduct_cat&post=330"},{"taxonomy":"product_tag","embeddable":true,"href":"https:\/\/hyayapi.com\/index.php?rest_route=%2Fwp%2Fv2%2Fproduct_tag&post=330"}],"curies":[{"name":"wp","href":"https:\/\/api.w.org\/{rel}","templated":true}]}}