{"id":323,"date":"2024-12-31T19:14:21","date_gmt":"2024-12-31T19:14:21","guid":{"rendered":"https:\/\/hyayapi.com\/?post_type=product&#038;p=323"},"modified":"2025-01-10T21:51:01","modified_gmt":"2025-01-10T21:51:01","slug":"napoli-65-cm-mdf-banyo-dolabi-seti-boy-dolabi","status":"publish","type":"product","link":"https:\/\/hyayapi.com\/?product=napoli-65-cm-mdf-banyo-dolabi-seti-boy-dolabi","title":{"rendered":"Napoli 65 Cm Mdf Banyo Dolab\u0131 Seti + Boy Dolab\u0131"},"content":{"rendered":"<p><strong>Teknik \u00d6zellikler<\/strong><\/p>\n<ul>\n<li>G\u00f6vde Ve Kapaklar 1. Kalite Lamine Y\u00fczey MDFlam<\/li>\n<li>Gizli Kulplu Dolapl\u0131 Ayna<\/li>\n<li>Kapaklar Ve \u00c7ekmeceler Frenli Sistemdir.<\/li>\n<li>1. Kalite Porselen Lavabo<\/li>\n<li>Kapaklar Kendinden Kulplu<\/li>\n<\/ul>\n","protected":false},"excerpt":{"rendered":"<p>Teknik \u00d6zellikler G\u00f6vde Ve Kapaklar 1. Kalite Lamine Y\u00fczey MDFlam Gizli Kulplu Dolapl\u0131 Ayna Kapaklar Ve \u00c7ekmeceler Frenli Sistemdir. 1. Kalite Porselen Lavabo Kapaklar Kendinden Kulplu<\/p>\n","protected":false},"featured_media":318,"comment_status":"open","ping_status":"closed","template":"","meta":{"_kadence_starter_templates_imported_post":false,"_kad_post_transparent":"default","_kad_post_title":"","_kad_post_layout":"default","_kad_post_sidebar_id":"","_kad_post_content_style":"default","_kad_post_vertical_padding":"default","_kad_post_feature":"","_kad_post_feature_position":"","_kad_post_header":false,"_kad_post_footer":false},"pwb-brand":[],"product_cat":[16,53],"product_tag":[],"class_list":{"0":"post-323","1":"product","2":"type-product","3":"status-publish","4":"has-post-thumbnail","6":"product_cat-genel","7":"product_cat-mutfak-ve-banyo-tasarimlari","9":"first","10":"instock","11":"shipping-taxable","12":"product-type-simple","13":"entry","14":"content-bg","15":"loop-entry"},"brands":[],"_links":{"self":[{"href":"https:\/\/hyayapi.com\/index.php?rest_route=\/wp\/v2\/product\/323","targetHints":{"allow":["GET"]}}],"collection":[{"href":"https:\/\/hyayapi.com\/index.php?rest_route=\/wp\/v2\/product"}],"about":[{"href":"https:\/\/hyayapi.com\/index.php?rest_route=\/wp\/v2\/types\/product"}],"replies":[{"embeddable":true,"href":"https:\/\/hyayapi.com\/index.php?rest_route=%2Fwp%2Fv2%2Fcomments&post=323"}],"wp:featuredmedia":[{"embeddable":true,"href":"https:\/\/hyayapi.com\/index.php?rest_route=\/wp\/v2\/media\/318"}],"wp:attachment":[{"href":"https:\/\/hyayapi.com\/index.php?rest_route=%2Fwp%2Fv2%2Fmedia&parent=323"}],"wp:term":[{"taxonomy":"pwb-brand","embeddable":true,"href":"https:\/\/hyayapi.com\/index.php?rest_route=%2Fwp%2Fv2%2Fpwb-brand&post=323"},{"taxonomy":"product_cat","embeddable":true,"href":"https:\/\/hyayapi.com\/index.php?rest_route=%2Fwp%2Fv2%2Fproduct_cat&post=323"},{"taxonomy":"product_tag","embeddable":true,"href":"https:\/\/hyayapi.com\/index.php?rest_route=%2Fwp%2Fv2%2Fproduct_tag&post=323"}],"curies":[{"name":"wp","href":"https:\/\/api.w.org\/{rel}","templated":true}]}}