{"id":322,"date":"2024-12-31T19:04:44","date_gmt":"2024-12-31T19:04:44","guid":{"rendered":"https:\/\/hyayapi.com\/?post_type=product&#038;p=322"},"modified":"2025-01-10T21:51:01","modified_gmt":"2025-01-10T21:51:01","slug":"mi%cc%87lano-80-cm-banyo-dolabi-beyaz","status":"publish","type":"product","link":"https:\/\/hyayapi.com\/?product=mi%cc%87lano-80-cm-banyo-dolabi-beyaz","title":{"rendered":"Mi\u0307lano 80 Cm Banyo Dolabi-beyaz"},"content":{"rendered":"<p>*18 mm kal\u0131nl\u0131\u011f\u0131nda 1. kalite malzemeden \u00fcretilmi\u015ftir.<\/p>\n<p>*Kullan\u0131lan t\u00fcm malzemeler TSE onayl\u0131 , E1 kalitesinde olup kanserojen madde i\u00e7ermez ve antibakteriyeldir.<br \/>\n*\u00dcr\u00fcnde minifix ba\u011flant\u0131 sistemi kullan\u0131lm\u0131\u015ft\u0131r. Kurulum i\u00e7in gerekli montaj malzemeleri mevcuttur.\u00dcr\u00fcn basit bir kuruluma sahiptir.<\/p>\n<p>*\u00dcr\u00fcn montaja haz\u0131r \u015fekli ile g\u00f6nderilir.<\/p>\n<p>*\u00dcr\u00fcn fatura tarihinden itibaren 2 y\u0131l garantilidir.<\/p>\n<p><u>G\u00f6vde\u00a0<\/u>(Mdf \u00fczeri Lake boya)<\/p>\n<p><u>\u00c7ekmece (Mdf \u00fczeri Lake boya )<\/u><\/p>\n<p>80 cm banyo dolab\u0131 ( Alt mod\u00fcl, Lavabo, ve \u00dcst ayna mod\u00fcl\u00fc olarak 3 par\u00e7adan olu\u015fur )<\/p>\n<p><u>Alt mod\u00fcl:<\/u>\u00a0En 80 cm Derinlik 48 cm\u00a0Y\u00fckseklik 50 cm<\/p>\n<p><u>\u00dcst\u00a0mod\u00fcl:<\/u>\u00a0En 48,5 cm Y\u00fckseklik 70 cm Aynan\u0131n yan\u0131ndaki dolap En:25 Y\u00fckseklik :70 cm<\/p>\n","protected":false},"excerpt":{"rendered":"<p>*18 mm kal\u0131nl\u0131\u011f\u0131nda 1. kalite malzemeden \u00fcretilmi\u015ftir. *Kullan\u0131lan t\u00fcm malzemeler TSE onayl\u0131 , E1 kalitesinde olup kanserojen madde i\u00e7ermez ve antibakteriyeldir. *\u00dcr\u00fcnde minifix ba\u011flant\u0131 sistemi kullan\u0131lm\u0131\u015ft\u0131r. Kurulum i\u00e7in gerekli montaj malzemeleri mevcuttur.\u00dcr\u00fcn basit bir kuruluma sahiptir. *\u00dcr\u00fcn montaja haz\u0131r \u015fekli ile g\u00f6nderilir. *\u00dcr\u00fcn fatura tarihinden itibaren 2 y\u0131l garantilidir. G\u00f6vde\u00a0(Mdf \u00fczeri Lake boya) \u00c7ekmece (Mdf&#8230;<\/p>\n","protected":false},"featured_media":316,"comment_status":"open","ping_status":"closed","template":"","meta":{"_kadence_starter_templates_imported_post":false,"_kad_post_transparent":"default","_kad_post_title":"","_kad_post_layout":"default","_kad_post_sidebar_id":"","_kad_post_content_style":"default","_kad_post_vertical_padding":"default","_kad_post_feature":"","_kad_post_feature_position":"","_kad_post_header":false,"_kad_post_footer":false},"pwb-brand":[],"product_cat":[16,53],"product_tag":[],"class_list":{"0":"post-322","1":"product","2":"type-product","3":"status-publish","4":"has-post-thumbnail","6":"product_cat-genel","7":"product_cat-mutfak-ve-banyo-tasarimlari","9":"first","10":"instock","11":"shipping-taxable","12":"product-type-simple","13":"entry","14":"content-bg","15":"loop-entry"},"brands":[],"_links":{"self":[{"href":"https:\/\/hyayapi.com\/index.php?rest_route=\/wp\/v2\/product\/322","targetHints":{"allow":["GET"]}}],"collection":[{"href":"https:\/\/hyayapi.com\/index.php?rest_route=\/wp\/v2\/product"}],"about":[{"href":"https:\/\/hyayapi.com\/index.php?rest_route=\/wp\/v2\/types\/product"}],"replies":[{"embeddable":true,"href":"https:\/\/hyayapi.com\/index.php?rest_route=%2Fwp%2Fv2%2Fcomments&post=322"}],"wp:featuredmedia":[{"embeddable":true,"href":"https:\/\/hyayapi.com\/index.php?rest_route=\/wp\/v2\/media\/316"}],"wp:attachment":[{"href":"https:\/\/hyayapi.com\/index.php?rest_route=%2Fwp%2Fv2%2Fmedia&parent=322"}],"wp:term":[{"taxonomy":"pwb-brand","embeddable":true,"href":"https:\/\/hyayapi.com\/index.php?rest_route=%2Fwp%2Fv2%2Fpwb-brand&post=322"},{"taxonomy":"product_cat","embeddable":true,"href":"https:\/\/hyayapi.com\/index.php?rest_route=%2Fwp%2Fv2%2Fproduct_cat&post=322"},{"taxonomy":"product_tag","embeddable":true,"href":"https:\/\/hyayapi.com\/index.php?rest_route=%2Fwp%2Fv2%2Fproduct_tag&post=322"}],"curies":[{"name":"wp","href":"https:\/\/api.w.org\/{rel}","templated":true}]}}