{"id":320,"date":"2024-12-31T18:55:18","date_gmt":"2024-12-31T18:55:18","guid":{"rendered":"https:\/\/hyayapi.com\/?post_type=product&#038;p=320"},"modified":"2025-01-10T21:51:01","modified_gmt":"2025-01-10T21:51:01","slug":"cuha-65-cm-beyaz-mdf-panjurlu-balon-kapak","status":"publish","type":"product","link":"https:\/\/hyayapi.com\/?product=cuha-65-cm-beyaz-mdf-panjurlu-balon-kapak","title":{"rendered":"\u00c7uha 65 cm Beyaz MDF Panjurlu Balon Kapak"},"content":{"rendered":"<ul class=\"detail-desc-list two-columns\">\n<li>65 cm Panjurlu Kapak Banyo Dolab\u0131 Tak\u0131m\u0131 Seramik Lavabolu \u00dcr\u00fcn Taraf\u0131n\u0131za Kolay Kurulum \u015eemas\u0131 ile birlikte G\u00f6nderilir.<\/li>\n<li>\u00dcr\u00fcnlerimiz 18 mm 1. Kalite MDF ile imal edilmi\u015ftir.<\/li>\n<li>Minifix Sistemi \u0130le Kolay Ba\u011flant\u0131 \u2013 Kargo ve Ta\u015f\u0131mada Olu\u015facak hasarlarda \u00fcr\u00fcnlerimiz par\u00e7a garantilidir.<\/li>\n<li>ALT DOLAP \u00d6L\u00c7\u00dcLER\u0130: EN: 65 cm BOY: 57 cm DER\u0130NL\u0130K: 44 cm (Lavabo Dahil: 46 cm)<\/li>\n<li>\u00dcST DOLAP \u00d6L\u00c7\u00dcLER\u0130 EN: 58,2 cm (Ayna: 38,2 cm, Dolap: 20 cm) BOY: 67 + 4 cm DER\u0130NL\u0130K: 16 cm<\/li>\n<li>\u00dcr\u00fcn BEYAZ (PARLAK) renklidir.<\/li>\n<li>\u00fcr\u00fcnlerimiz %100 MDF olup 2 y\u0131l garantilidir.<\/li>\n<li>G\u00f6rseldeki Aksesuarlar fiyata dahil olmay\u0131p, lavabo ve spot \u0131\u015f\u0131k fiyata dahildir.<\/li>\n<\/ul>\n","protected":false},"excerpt":{"rendered":"<p>65 cm Panjurlu Kapak Banyo Dolab\u0131 Tak\u0131m\u0131 Seramik Lavabolu \u00dcr\u00fcn Taraf\u0131n\u0131za Kolay Kurulum \u015eemas\u0131 ile birlikte G\u00f6nderilir. \u00dcr\u00fcnlerimiz 18 mm 1. Kalite MDF ile imal edilmi\u015ftir. Minifix Sistemi \u0130le Kolay Ba\u011flant\u0131 \u2013 Kargo ve Ta\u015f\u0131mada Olu\u015facak hasarlarda \u00fcr\u00fcnlerimiz par\u00e7a garantilidir. ALT DOLAP \u00d6L\u00c7\u00dcLER\u0130: EN: 65 cm BOY: 57 cm DER\u0130NL\u0130K: 44 cm (Lavabo Dahil: 46&#8230;<\/p>\n","protected":false},"featured_media":313,"comment_status":"open","ping_status":"closed","template":"","meta":{"_kadence_starter_templates_imported_post":false,"_kad_post_transparent":"default","_kad_post_title":"","_kad_post_layout":"default","_kad_post_sidebar_id":"","_kad_post_content_style":"default","_kad_post_vertical_padding":"default","_kad_post_feature":"","_kad_post_feature_position":"","_kad_post_header":false,"_kad_post_footer":false},"pwb-brand":[],"product_cat":[16,53],"product_tag":[],"class_list":{"0":"post-320","1":"product","2":"type-product","3":"status-publish","4":"has-post-thumbnail","6":"product_cat-genel","7":"product_cat-mutfak-ve-banyo-tasarimlari","9":"first","10":"instock","11":"shipping-taxable","12":"product-type-simple","13":"entry","14":"content-bg","15":"loop-entry"},"brands":[],"_links":{"self":[{"href":"https:\/\/hyayapi.com\/index.php?rest_route=\/wp\/v2\/product\/320","targetHints":{"allow":["GET"]}}],"collection":[{"href":"https:\/\/hyayapi.com\/index.php?rest_route=\/wp\/v2\/product"}],"about":[{"href":"https:\/\/hyayapi.com\/index.php?rest_route=\/wp\/v2\/types\/product"}],"replies":[{"embeddable":true,"href":"https:\/\/hyayapi.com\/index.php?rest_route=%2Fwp%2Fv2%2Fcomments&post=320"}],"wp:featuredmedia":[{"embeddable":true,"href":"https:\/\/hyayapi.com\/index.php?rest_route=\/wp\/v2\/media\/313"}],"wp:attachment":[{"href":"https:\/\/hyayapi.com\/index.php?rest_route=%2Fwp%2Fv2%2Fmedia&parent=320"}],"wp:term":[{"taxonomy":"pwb-brand","embeddable":true,"href":"https:\/\/hyayapi.com\/index.php?rest_route=%2Fwp%2Fv2%2Fpwb-brand&post=320"},{"taxonomy":"product_cat","embeddable":true,"href":"https:\/\/hyayapi.com\/index.php?rest_route=%2Fwp%2Fv2%2Fproduct_cat&post=320"},{"taxonomy":"product_tag","embeddable":true,"href":"https:\/\/hyayapi.com\/index.php?rest_route=%2Fwp%2Fv2%2Fproduct_tag&post=320"}],"curies":[{"name":"wp","href":"https:\/\/api.w.org\/{rel}","templated":true}]}}