{"id":297,"date":"2024-12-31T18:51:21","date_gmt":"2024-12-31T18:51:21","guid":{"rendered":"https:\/\/hyayapi.com\/?post_type=product&#038;p=297"},"modified":"2025-01-10T21:51:01","modified_gmt":"2025-01-10T21:51:01","slug":"oval-lavabolu-mat-beyaz-mdf-80-cm","status":"publish","type":"product","link":"https:\/\/hyayapi.com\/?product=oval-lavabolu-mat-beyaz-mdf-80-cm","title":{"rendered":"Oval Lavabolu Mat Beyaz Mdf 80 Cm"},"content":{"rendered":"<ul class=\"detail-desc-list two-columns\">\n<li>\u2022 Geni\u015flik: 82 cm \u2022 Y\u00fckseklik: 75 cm \u2022 Derinlik: 17 cm Lavabolu Dolap \u00f6l\u00e7\u00fcleri<\/li>\n<li>\u2022 Geni\u015flik: 80 cm \u2022 Y\u00fckseklik: 72 cm \u2022 Derinlik: 45 cm Uzun Boy Dolap \u00f6l\u00e7\u00fcleri<\/li>\n<li>\u2022 Geni\u015flik: 37 cm \u2022 Y\u00fckseklik: 155,6 cm \u2022 Derinlik: 31 cm K\u0131sa Boy Dolap \u00f6l\u00e7\u00fcleri<\/li>\n<li>\u2022 Geni\u015flik: 35 cm \u2022 Y\u00fckseklik: 107 cm \u2022 Derinlik: 30 cm Malzeme: -Musluk bataryas\u0131 ve lavabo t\u0131kac\u0131 \u00fcr\u00fcne dahil de\u011fildir. -\u00dcr\u00fcn y\u00fczeyi Mat renklerden<\/li>\n<\/ul>\n","protected":false},"excerpt":{"rendered":"<p>\u2022 Geni\u015flik: 82 cm \u2022 Y\u00fckseklik: 75 cm \u2022 Derinlik: 17 cm Lavabolu Dolap \u00f6l\u00e7\u00fcleri \u2022 Geni\u015flik: 80 cm \u2022 Y\u00fckseklik: 72 cm \u2022 Derinlik: 45 cm Uzun Boy Dolap \u00f6l\u00e7\u00fcleri \u2022 Geni\u015flik: 37 cm \u2022 Y\u00fckseklik: 155,6 cm \u2022 Derinlik: 31 cm K\u0131sa Boy Dolap \u00f6l\u00e7\u00fcleri \u2022 Geni\u015flik: 35 cm \u2022 Y\u00fckseklik: 107 cm&#8230;<\/p>\n","protected":false},"featured_media":300,"comment_status":"open","ping_status":"closed","template":"","meta":{"_kadence_starter_templates_imported_post":false,"_kad_post_transparent":"default","_kad_post_title":"","_kad_post_layout":"default","_kad_post_sidebar_id":"","_kad_post_content_style":"default","_kad_post_vertical_padding":"default","_kad_post_feature":"","_kad_post_feature_position":"","_kad_post_header":false,"_kad_post_footer":false},"pwb-brand":[],"product_cat":[16,53],"product_tag":[],"class_list":{"0":"post-297","1":"product","2":"type-product","3":"status-publish","4":"has-post-thumbnail","6":"product_cat-genel","7":"product_cat-mutfak-ve-banyo-tasarimlari","9":"first","10":"instock","11":"shipping-taxable","12":"product-type-simple","13":"entry","14":"content-bg","15":"loop-entry"},"brands":[],"_links":{"self":[{"href":"https:\/\/hyayapi.com\/index.php?rest_route=\/wp\/v2\/product\/297","targetHints":{"allow":["GET"]}}],"collection":[{"href":"https:\/\/hyayapi.com\/index.php?rest_route=\/wp\/v2\/product"}],"about":[{"href":"https:\/\/hyayapi.com\/index.php?rest_route=\/wp\/v2\/types\/product"}],"replies":[{"embeddable":true,"href":"https:\/\/hyayapi.com\/index.php?rest_route=%2Fwp%2Fv2%2Fcomments&post=297"}],"wp:featuredmedia":[{"embeddable":true,"href":"https:\/\/hyayapi.com\/index.php?rest_route=\/wp\/v2\/media\/300"}],"wp:attachment":[{"href":"https:\/\/hyayapi.com\/index.php?rest_route=%2Fwp%2Fv2%2Fmedia&parent=297"}],"wp:term":[{"taxonomy":"pwb-brand","embeddable":true,"href":"https:\/\/hyayapi.com\/index.php?rest_route=%2Fwp%2Fv2%2Fpwb-brand&post=297"},{"taxonomy":"product_cat","embeddable":true,"href":"https:\/\/hyayapi.com\/index.php?rest_route=%2Fwp%2Fv2%2Fproduct_cat&post=297"},{"taxonomy":"product_tag","embeddable":true,"href":"https:\/\/hyayapi.com\/index.php?rest_route=%2Fwp%2Fv2%2Fproduct_tag&post=297"}],"curies":[{"name":"wp","href":"https:\/\/api.w.org\/{rel}","templated":true}]}}