{"id":1081,"date":"2025-01-15T13:55:59","date_gmt":"2025-01-15T13:55:59","guid":{"rendered":"https:\/\/hyayapi.com\/?post_type=product&#038;p=1081"},"modified":"2025-01-15T13:55:59","modified_gmt":"2025-01-15T13:55:59","slug":"2000-fuga","status":"publish","type":"product","link":"https:\/\/hyayapi.com\/?product=2000-fuga","title":{"rendered":"2000 FUGA"},"content":{"rendered":"<div class=\"c-unit-01\">\n<div class=\"c-unit-01-A heading-Low-Tone\"><strong>Tan\u0131m<\/strong><\/div>\n<div class=\"c-unit-01-B body-small\">1-6 mm derz aral\u0131\u011f\u0131 i\u00e7in uygun, \u00e7imento esasl\u0131 derz dolgu malzemesidir.<\/div>\n<\/div>\n<div class=\"c-unit-02\">\n<div class=\"c-unit-01-A  heading-Low-Tone\">Kullan\u0131m Alanlar\u0131<\/div>\n<div class=\"c-unit-01-B  body-small\">\n<div class=\"c-unit-01-B-01\">\u0130\u00e7 mekanlarda, yer ve duvarda, seramik, mermer, do\u011fal ta\u015f, cam mozaik kaplama malzemelerinin 1-6 mm derz bo\u015fluklar\u0131n\u0131n doldurulmas\u0131nda kullan\u0131l\u0131r.<\/div>\n<\/div>\n<\/div>\n<div class=\"c-unit-02\">\n<div class=\"c-unit-01-A  heading-Low-Tone\">Ambalaj<\/div>\n<ul class=\"c-unit-01-B  body-small\">\n<li class=\"c-unit-01-B-01\">1 kg ve 5 kg polietilen torba 20 kg kraft torba<\/li>\n<\/ul>\n<\/div>\n","protected":false},"excerpt":{"rendered":"<p>Tan\u0131m 1-6 mm derz aral\u0131\u011f\u0131 i\u00e7in uygun, \u00e7imento esasl\u0131 derz dolgu malzemesidir. Kullan\u0131m Alanlar\u0131 \u0130\u00e7 mekanlarda, yer ve duvarda, seramik, mermer, do\u011fal ta\u015f, cam mozaik kaplama malzemelerinin 1-6 mm derz bo\u015fluklar\u0131n\u0131n doldurulmas\u0131nda kullan\u0131l\u0131r. Ambalaj 1 kg ve 5 kg polietilen torba 20 kg kraft torba<\/p>\n","protected":false},"featured_media":1082,"comment_status":"open","ping_status":"closed","template":"","meta":{"_kadence_starter_templates_imported_post":false,"_kad_post_transparent":"default","_kad_post_title":"","_kad_post_layout":"default","_kad_post_sidebar_id":"","_kad_post_content_style":"default","_kad_post_vertical_padding":"default","_kad_post_feature":"","_kad_post_feature_position":"","_kad_post_header":false,"_kad_post_footer":false},"pwb-brand":[119],"product_cat":[16],"product_tag":[],"class_list":{"0":"post-1081","1":"product","2":"type-product","3":"status-publish","4":"has-post-thumbnail","6":"pwb-brand-kalekim","7":"product_cat-genel","9":"first","10":"instock","11":"shipping-taxable","12":"product-type-simple","13":"entry","14":"content-bg","15":"loop-entry"},"brands":[{"id":119,"name":"KALEK\u0130M","slug":"kalekim"}],"_links":{"self":[{"href":"https:\/\/hyayapi.com\/index.php?rest_route=\/wp\/v2\/product\/1081","targetHints":{"allow":["GET"]}}],"collection":[{"href":"https:\/\/hyayapi.com\/index.php?rest_route=\/wp\/v2\/product"}],"about":[{"href":"https:\/\/hyayapi.com\/index.php?rest_route=\/wp\/v2\/types\/product"}],"replies":[{"embeddable":true,"href":"https:\/\/hyayapi.com\/index.php?rest_route=%2Fwp%2Fv2%2Fcomments&post=1081"}],"wp:featuredmedia":[{"embeddable":true,"href":"https:\/\/hyayapi.com\/index.php?rest_route=\/wp\/v2\/media\/1082"}],"wp:attachment":[{"href":"https:\/\/hyayapi.com\/index.php?rest_route=%2Fwp%2Fv2%2Fmedia&parent=1081"}],"wp:term":[{"taxonomy":"pwb-brand","embeddable":true,"href":"https:\/\/hyayapi.com\/index.php?rest_route=%2Fwp%2Fv2%2Fpwb-brand&post=1081"},{"taxonomy":"product_cat","embeddable":true,"href":"https:\/\/hyayapi.com\/index.php?rest_route=%2Fwp%2Fv2%2Fproduct_cat&post=1081"},{"taxonomy":"product_tag","embeddable":true,"href":"https:\/\/hyayapi.com\/index.php?rest_route=%2Fwp%2Fv2%2Fproduct_tag&post=1081"}],"curies":[{"name":"wp","href":"https:\/\/api.w.org\/{rel}","templated":true}]}}