{"id":1050,"date":"2025-01-15T11:34:25","date_gmt":"2025-01-15T11:34:25","guid":{"rendered":"https:\/\/hyayapi.com\/?post_type=product&#038;p=1050"},"modified":"2025-01-15T11:34:26","modified_gmt":"2025-01-15T11:34:26","slug":"lokasyona-bagli-muhtelif-beton-markalari","status":"publish","type":"product","link":"https:\/\/hyayapi.com\/?product=lokasyona-bagli-muhtelif-beton-markalari","title":{"rendered":"Lokasyona Ba\u011fl\u0131 Muhtelif Beton Markalar\u0131"},"content":{"rendered":"<p>Lokasyona Ba\u011fl\u0131 Muhtelif Beton Markalar\u0131, Bulundu\u011funuz lokasyonlara ba\u011fl\u0131 gerekli beton al\u0131\u015fveri\u015flerinizi yapabilirsiniz<\/p>\n","protected":false},"excerpt":{"rendered":"<p>Lokasyona Ba\u011fl\u0131 Muhtelif Beton Markalar\u0131, Bulundu\u011funuz lokasyonlara ba\u011fl\u0131 gerekli beton al\u0131\u015fveri\u015flerinizi yapabilirsiniz<\/p>\n","protected":false},"featured_media":1052,"comment_status":"open","ping_status":"closed","template":"","meta":{"_kadence_starter_templates_imported_post":false,"_kad_post_transparent":"default","_kad_post_title":"","_kad_post_layout":"default","_kad_post_sidebar_id":"","_kad_post_content_style":"default","_kad_post_vertical_padding":"default","_kad_post_feature":"","_kad_post_feature_position":"","_kad_post_header":false,"_kad_post_footer":false},"pwb-brand":[],"product_cat":[107,23],"product_tag":[],"class_list":{"0":"post-1050","1":"product","2":"type-product","3":"status-publish","4":"has-post-thumbnail","6":"product_cat-beton","7":"product_cat-kaba-yapi-sistemleri","9":"first","10":"instock","11":"shipping-taxable","12":"product-type-simple","13":"entry","14":"content-bg","15":"loop-entry"},"brands":[],"_links":{"self":[{"href":"https:\/\/hyayapi.com\/index.php?rest_route=\/wp\/v2\/product\/1050","targetHints":{"allow":["GET"]}}],"collection":[{"href":"https:\/\/hyayapi.com\/index.php?rest_route=\/wp\/v2\/product"}],"about":[{"href":"https:\/\/hyayapi.com\/index.php?rest_route=\/wp\/v2\/types\/product"}],"replies":[{"embeddable":true,"href":"https:\/\/hyayapi.com\/index.php?rest_route=%2Fwp%2Fv2%2Fcomments&post=1050"}],"wp:featuredmedia":[{"embeddable":true,"href":"https:\/\/hyayapi.com\/index.php?rest_route=\/wp\/v2\/media\/1052"}],"wp:attachment":[{"href":"https:\/\/hyayapi.com\/index.php?rest_route=%2Fwp%2Fv2%2Fmedia&parent=1050"}],"wp:term":[{"taxonomy":"pwb-brand","embeddable":true,"href":"https:\/\/hyayapi.com\/index.php?rest_route=%2Fwp%2Fv2%2Fpwb-brand&post=1050"},{"taxonomy":"product_cat","embeddable":true,"href":"https:\/\/hyayapi.com\/index.php?rest_route=%2Fwp%2Fv2%2Fproduct_cat&post=1050"},{"taxonomy":"product_tag","embeddable":true,"href":"https:\/\/hyayapi.com\/index.php?rest_route=%2Fwp%2Fv2%2Fproduct_tag&post=1050"}],"curies":[{"name":"wp","href":"https:\/\/api.w.org\/{rel}","templated":true}]}}